{"id":224,"date":"2016-08-15T16:18:55","date_gmt":"2016-08-15T16:18:55","guid":{"rendered":"http:\/\/dhanttvn.net\/2017\/?page_id=224"},"modified":"2017-03-30T20:50:00","modified_gmt":"2017-03-30T20:50:00","slug":"giaosu","status":"publish","type":"page","link":"http:\/\/dhanttvn.net\/2017\/thanhvien\/giaosu\/","title":{"rendered":""},"content":{"rendered":"<p style=\"text-align: center;\"><span style=\"font-family: book antiqua,palatino,serif;\"><strong><span style=\"text-decoration: underline; font-size: 12pt;\">GI\u00c1O S\u01af \/ PROFESSORS \/ PROFESSEURS<em><br \/>\n<\/em><\/span><\/strong><\/span><\/p>\n<p style=\"text-align: center;\"><span style=\"color: #993300; font-size: 12pt; font-family: book antiqua,palatino,serif;\"><strong>\u0110\u1ed6 TH\u1eca PH\u01af\u01a0NG B\u1ea2O<\/strong><\/span><\/p>\n<p style=\"text-align: justify;\"><span style=\"font-size: 12pt; font-family: book antiqua,palatino,serif;\"> <img loading=\"lazy\" decoding=\"async\" class=\"size-medium wp-image-242 aligncenter\" src=\"http:\/\/dhanttvn.net\/2017\/wp-content\/uploads\/sites\/2\/2016\/08\/GS-Do-Thi-Phuong-Bao-205x300.jpg\" alt=\"GS Do Thi Phuong Bao\" width=\"205\" height=\"300\" srcset=\"http:\/\/dhanttvn.net\/2017\/wp-content\/uploads\/sites\/2\/2016\/08\/GS-Do-Thi-Phuong-Bao-205x300.jpg 205w, http:\/\/dhanttvn.net\/2017\/wp-content\/uploads\/sites\/2\/2016\/08\/GS-Do-Thi-Phuong-Bao-768x1126.jpg 768w, http:\/\/dhanttvn.net\/2017\/wp-content\/uploads\/sites\/2\/2016\/08\/GS-Do-Thi-Phuong-Bao-699x1024.jpg 699w, http:\/\/dhanttvn.net\/2017\/wp-content\/uploads\/sites\/2\/2016\/08\/GS-Do-Thi-Phuong-Bao.jpg 769w\" sizes=\"auto, (max-width: 205px) 85vw, 205px\" \/><\/span><\/p>\n<p style=\"text-align: justify;\"><span style=\"font-size: 12pt; font-family: book antiqua,palatino,serif;\">V\u1edbi g\u1ea7n 60 n\u0103m ho\u1ea1t \u0111\u1ed9ng ngh\u1ec7 thu\u1eadt, Gi\u00e1o s\u01b0 Ph\u01b0\u01a1ng B\u1ea3o (\u0110\u1ed7 Th\u1ecb Ph\u01b0\u01a1ng B\u1ea3o) \u0111\u00e3 \u0111\u1ea1t nhi\u1ec1u th\u00e0nh t\u1ef1u tr\u00ean nhi\u1ec1u l\u0129nh v\u1ef1c: gi\u1ea3ng d\u1ea1y, bi\u1ec3u di\u1ec5n, s\u00e1ng t\u00e1c v\u00e0 nghi\u00ean c\u1ee9u. N\u0103m 1970 c\u00f4 \u0111\u1ea1t 2 Huy Ch\u01b0\u01a1ng V\u00e0ng v\u1ec1 bi\u1ec3u di\u1ec5n cho 2 t\u00e1c ph\u1ea9m \u201cB\u00ecnh Minh Tr\u00ean R\u1ebbo Cao\u201d (st Ph\u01b0\u01a1ng B\u1ea3o) v\u00e0 \u201cKh\u00fac H\u00e1t Ru\u201d (st Xu\u00e2n Kh\u1ea3i).\u00a0 N\u0103m 1980, c\u00f4 \u0111\u1ea1t 2 Gi\u1ea3i Nh\u1ea5t h\u1ea1ng m\u1ee5c s\u00e1ng t\u00e1c v\u00e0 bi\u1ec3u di\u1ec5n cho t\u00e1c ph\u1ea9m \u201cBi\u1ec3n\u201d. N\u0103m 1989: \u0111\u1ea1t gi\u1ea3i Di\u1ec5n t\u1ea5u Xu\u1ea5t s\u1eafc v\u1edbi t\u00e1c ph\u1ea9m \u201cSang Xu\u00e2n\u201d t\u1ea1i Li\u00ean hoan Ca m\u00faa nh\u1ea1c To\u00e0n qu\u1ed1c v\u00e0 n\u0103m 1997 c\u00f4 \u0111\u1ea1t gi\u1ea3i B\u00f4ng Sen V\u00e0ng. Gi\u00e1o s\u01b0 \u0111\u00e3 s\u00e1ng t\u1ea1o v\u00e0 c\u1ed1ng hi\u1ebfn cho ng\u00e0nh \u0110\u00e0n tranh c\u00e1c k\u1ef9 thu\u1eadt m\u1edbi ch\u01b0a t\u1eebng c\u00f3 tr\u01b0\u1edbc \u0111\u00f3, \u0111\u01b0a c\u00e2y \u0111\u00e0n tranh c\u1ed5 l\u00ean v\u1ecb tr\u00ed \u0111\u1ed9c t\u1ea5u t\u1ea1i c\u00e1c s\u00e2n kh\u1ea5u trong v\u00e0 ngo\u00e0i n\u01b0\u1edbc t\u1eeb th\u1eadp ni\u00ean 60 \u0111\u1ebfn nay. N\u0103m 1995 c\u00f4 \u0111\u00f3n nh\u1eadn \u201cB\u1eb1ng \u0110\u1ed9c Quy\u1ec1n S\u00e1ng Ch\u1ebf\u201d v\u1edbi c\u00f4ng tr\u00ecnh \u201cC\u1ea3i Ti\u1ebfn \u0110\u00e0n Tranh\u201d do B\u1ed9 Khoa h\u1ecdc C\u00f4ng ngh\u1ec7 c\u1ea5p cho c\u00e2y \u0111\u00e0n tranh m\u00e0 c\u00f4 \u0111\u00e3 d\u00e0y c\u00f4ng nghi\u00ean c\u1ee9u v\u00e0 thi\u1ebft k\u1ebf. N\u0103m 2008, c\u00f4 s\u00e1ng l\u1eadp trung t\u00e2m \u00e2m nh\u1ea1c Ph\u01b0\u01a1ng B\u1ea3o Music, chuy\u00ean \u0111\u00e0o t\u1ea1o \u0111\u00e0n tranh v\u00e0 c\u00e1c lo\u1ea1i nh\u1ea1c c\u1ee5 v\u1edbi h\u01a1n 200 h\u1ecdc vi\u00ean, gi\u1ea3ng vi\u00ean. C\u00e1c ti\u1ebft m\u1ee5c bi\u1ec3u di\u1ec5n c\u1ee7a Gi\u00e1o s\u01b0 \u0111\u01b0\u1ee3c kh\u00e1n gi\u1ea3 \u00e1i m\u1ed9 v\u00e0 hoan ngh\u00eanh nhi\u1ec7t li\u1ec7t t\u1ea1i Vi\u1ec7t Nam, Ph\u00e1p, \u00dd, \u0110\u1ee9c, Th\u1ee5y S\u1ef9, Thu\u1ef5 \u0110i\u1ec3n, Na Uy, \u0110an M\u1ea1ch, Albani, Hungary, Arghentina, Nh\u1eadt, M\u1ef9, Tri\u1ec1u Ti\u00ean v.v\u2026<\/span><\/p>\n<hr \/>\n<p style=\"text-align: center;\"><span style=\"color: #993300; font-size: 12pt; font-family: book antiqua,palatino,serif;\"><strong>NGUY\u1ec4N TH\u1eca NG\u1eccC CH\u00c2U<\/strong><\/span><\/p>\n<p style=\"text-align: justify;\"><span style=\"font-size: 12pt; font-family: book antiqua,palatino,serif;\"><strong><img loading=\"lazy\" decoding=\"async\" class=\"size-medium wp-image-243 aligncenter\" src=\"http:\/\/dhanttvn.net\/2017\/wp-content\/uploads\/sites\/2\/2016\/08\/GS-Nguyen-Thi-Ngoc-Chau-183x300.jpg\" alt=\"GS Nguyen Thi Ngoc Chau\" width=\"183\" height=\"300\" srcset=\"http:\/\/dhanttvn.net\/2017\/wp-content\/uploads\/sites\/2\/2016\/08\/GS-Nguyen-Thi-Ngoc-Chau-183x300.jpg 183w, http:\/\/dhanttvn.net\/2017\/wp-content\/uploads\/sites\/2\/2016\/08\/GS-Nguyen-Thi-Ngoc-Chau-768x1262.jpg 768w, http:\/\/dhanttvn.net\/2017\/wp-content\/uploads\/sites\/2\/2016\/08\/GS-Nguyen-Thi-Ngoc-Chau-623x1024.jpg 623w, http:\/\/dhanttvn.net\/2017\/wp-content\/uploads\/sites\/2\/2016\/08\/GS-Nguyen-Thi-Ngoc-Chau.jpg 994w\" sizes=\"auto, (max-width: 183px) 85vw, 183px\" \/><\/strong><\/span><\/p>\n<p style=\"text-align: justify;\"><span style=\"font-family: book antiqua,palatino,serif;\">Gi\u00e1o s\u01b0 Nguy\u1ec5n Th\u1ecb Ng\u1ecdc Ch\u00e2u t\u1ed1t nghi\u1ec7p Tr\u01b0\u1eddng Qu\u1ed1c gia \u00c2m Nh\u1ea1c v\u00e0 K\u1ecbch ngh\u1ec7 S\u00e0i G\u00f2n khoa \u0110\u00e0n tranh v\u00e0 Ca x\u01b0\u1edbng v\u00e0o n\u0103m 1966. Sau khi t\u1ed1t nghi\u1ec7p, Gi\u00e1o s\u01b0 tham gia gi\u1ea3ng d\u1ea1y t\u1ea1i Nh\u1ea1c vi\u1ec7n Qu\u1ed1c Gia S\u00e0i G\u00f2n h\u01a1n 30 n\u0103m. \u00a0N\u0103m 1989, c\u00f4 \u0111o\u1ea1t gi\u1ea3i Huy Ch\u01b0\u01a1ng B\u1ea1c \u0111\u1ed9c t\u1ea5u li\u00ean hoan ca m\u00faa nh\u1ea1c. T\u1eeb n\u0103m 2000 \u0111\u1ebfn hi\u1ec7n nay, gi\u00e1o s\u01b0 ti\u1ebfp t\u1ee5c c\u00f4ng vi\u1ec7c gi\u1ea3ng d\u1ea1y t\u1ea1i Nh\u1ea1c vi\u1ec7n khoa \u00e2m nh\u1ea1c d\u00e2n t\u1ed9c. \u00a0C\u00e1c h\u1ecdc tr\u00f2 c\u1ee7a gi\u00e1o s\u01b0 hi\u1ec7n l\u00e0 c\u00e1c ngh\u1ec7 s\u0129 th\u00e0nh c\u00f4ng trong v\u00e0 ngo\u00e0i n\u01b0\u1edbc nh\u01b0: ngh\u1ec7 s\u0129 \u0110\u1eb7ng Th\u1ecb Kim Hi\u1ec1n, ngh\u1ec7 s\u0129 Ng\u1ee5y Th\u1ecb Th\u01b0\u01a1ng Th\u01b0\u01a1ng v.v\u2026 \u00a0v\u00e0 h\u1ecd c\u0169ng \u0111ang ti\u1ebfp n\u1ed1i con \u0111\u01b0\u1eddng c\u1ee7a gi\u00e1o s\u01b0 truy\u1ec1n th\u1ee5 v\u00e0 ph\u00e1t huy \u00e2m nh\u1ea1c d\u00e2n t\u1ed9c. Ngo\u00e0i c\u00f4ng t\u00e1c gi\u1ea3ng d\u1ea1y truy\u1ec1n \u0111\u1ea1t ng\u00f3n \u0111\u00e0n c\u1ee7a m\u00ecnh cho c\u00e1c th\u1ebf h\u1ec7 sau, gi\u00e1o s\u01b0 c\u00f2n chuy\u00ean t\u00e2m trong c\u00f4ng vi\u1ec7c s\u00e1ng t\u00e1c v\u00e0 chuy\u1ec3n so\u1ea1n c\u00e1c b\u1ea3n \u0111\u00e0n cho c\u00e2y \u0111\u00e0n tranh c\u0169ng nh\u01b0 c\u00e1c gi\u00e1o tr\u00ecnh s\u01b0 ph\u1ea1m cho vi\u1ec7c gi\u1ea3ng d\u1ea1y \u0111\u00e0n tranh. C\u00e1c t\u00e1c ph\u1ea9m ti\u00eau bi\u1ec3u c\u1ee7a c\u00f4 g\u1ed3m c\u00f3: tr\u1ed1ng \u0111\u1ec7m \u201cTi\u1ebfng ch\u00e0y tr\u00ean s\u00f3c Bombo\u201d vi\u1ebft cho \u0110\u00e0n tranh, bi\u1ebfn t\u1ea5u L\u00fd Ng\u1ef1a \u00d4, bi\u1ebfn t\u1ea5u theo \u0111i\u1ec7u L\u00fd \u0111\u00eam tr\u0103ng (\u0111\u1ed9c t\u1ea5u cho \u0111\u00e0n Tranh 22), bi\u1ebfn t\u1ea5u Sakura. Ngo\u00e0i c\u00e1c ho\u1ea1t \u0111\u1ed9ng tr\u00ean, gi\u00e1o s\u01b0 \u0111\u01b0\u1ee3c m\u1eddi tham gia nhi\u1ec1u ho\u1ea1t \u0111\u1ed9ng bi\u1ec3u di\u1ec5n ngh\u1ec7 thu\u1eadt t\u1ea1i Vi\u1ec7t Nam, Nh\u1eadt B\u1ea3n (1970), Canada (1974), Ph\u00e1p (2004 v\u00e0 2006).<\/span><\/p>\n<hr \/>\n<p style=\"text-align: center;\"><span style=\"color: #993300; font-size: 12pt; font-family: book antiqua,palatino,serif;\"><strong>NGUY\u1ec4N NG\u1eccC DUNG<\/strong><\/span><\/p>\n<p style=\"text-align: justify;\"><span style=\"font-size: 12pt; font-family: book antiqua,palatino,serif;\"><img loading=\"lazy\" decoding=\"async\" class=\"wp-image-259 aligncenter\" src=\"http:\/\/dhanttvn.net\/2017\/wp-content\/uploads\/sites\/2\/2016\/08\/GS-Nguyen-Ngoc-Dung-225x300.jpg\" alt=\"gs-nguyen-ngoc-dung\" width=\"175\" height=\"233\" srcset=\"http:\/\/dhanttvn.net\/2017\/wp-content\/uploads\/sites\/2\/2016\/08\/GS-Nguyen-Ngoc-Dung-225x300.jpg 225w, http:\/\/dhanttvn.net\/2017\/wp-content\/uploads\/sites\/2\/2016\/08\/GS-Nguyen-Ngoc-Dung-768x1024.jpg 768w, http:\/\/dhanttvn.net\/2017\/wp-content\/uploads\/sites\/2\/2016\/08\/GS-Nguyen-Ngoc-Dung-1200x1600.jpg 1200w\" sizes=\"auto, (max-width: 175px) 85vw, 175px\" \/><\/span><\/p>\n<p style=\"text-align: justify;\"><span style=\"font-size: 12pt; font-family: book antiqua,palatino,serif;\">Gi\u00e1o s\u01b0 Ng\u1ecdc Dung h\u1ecdc \u0111\u00e0n tranh t\u1eeb n\u0103m l\u00ean b\u1ea3y tu\u1ed5i, l\u00e0 truy\u1ec1n nh\u00e2n c\u1ee7a gi\u00e1o s\u01b0 chuy\u00ean v\u1ec1 nh\u1ea1c mi\u1ec1n Nam, Ph\u1ea1m V\u0103n Nghi. Sau khi t\u1ed1t nghi\u1ec7p t\u1ea1i tr\u01b0\u1eddng Qu\u1ed1c Gia \u00c2m Nh\u1ea1c v\u00e0 K\u1ecbch Ngh\u1ec7 S\u00e0i G\u00f2n, c\u00f4 \u0111\u01b0\u1ee3c l\u01b0u l\u1ea1i l\u00e0m gi\u1ea3ng vi\u00ean v\u00e0 d\u1ea1y \u0111\u00e0n t\u1eeb n\u0103m 1967-1979. N\u0103m 1963-1965, c\u00f4 c\u00f9ng c\u00e1c ngh\u1ec7 s\u0129 \u0111\u00e0n tranh th\u1eddi b\u1ea5y gi\u1edd l\u00e0 ngh\u1ec7 s\u0129 Ph\u1ea1m Th\u00fay Hoan, Ph\u01b0\u01a1ng Oanh, v\u00e0 Hu\u1ef3nh H\u1ea1nh l\u1eadp n\u00ean nh\u00f3m Hoa Sim, \u0111\u00e2y l\u00e0 m\u1ed9t nh\u00f3m nh\u1ea1c n\u1eef \u0111\u1ea7u ti\u00ean ph\u00e1t \u0111\u1ed9ng phong tr\u00e0o d\u00e2n ca \u00e2m nh\u1ea1c \u0111\u1ebfn v\u1edbi gi\u1edbi tr\u1ebb, \u0111\u1ebfn c\u00e1c t\u1ea7ng l\u1edbp sinh vi\u00ean, h\u1ecdc sinh t\u1ea1i Vi\u1ec7t Nam. N\u0103m 1969, gi\u00e1o s\u01b0 Ng\u1ecdc Dung v\u00e0 Ph\u01b0\u01a1ng Oanh theo l\u1eddi m\u1eddi c\u1ee7a ch\u01b0\u01a1ng tr\u00ecnh D\u00e2n V\u1eadn Qu\u1ed1c Ngo\u1ea1i l\u01b0u di\u1ec5n kh\u1eafp Ch\u00e2u \u00c2u. Sau khi \u0111\u1ecbnh c\u01b0 t\u1ea1i th\u00e0nh ph\u1ed1 San Jose ti\u1ec3u bang California, Hoa K\u1ef3, v\u00e0o n\u0103m 1969, Gi\u00e1o s\u01b0 th\u00e0nh l\u1eadp \u0111o\u00e0n Ti\u1ebfng V\u1ecdng Qu\u00ea H\u01b0\u01a1ng chuy\u00ean v\u1ec1 ph\u1ed5 bi\u1ebfn nh\u1ea1c c\u1ed5 truy\u1ec1n mi\u1ec1n Nam v\u00e0 \u0111\u01b0\u1ee3c kh\u00e1n gi\u1ea3 m\u1ed9 \u0111i\u1ec7u kh\u1eafp n\u01a1i bi\u1ebft \u0111\u1ebfn qua c\u00e1c ch\u01b0\u01a1ng tr\u00ecnh Gi\u1ed5 T\u1ed5 C\u1ea3i L\u01b0\u01a1ng v\u00e0 c\u00e1c ch\u01b0\u01a1ng tr\u00ecnh g\u00e2y qu\u1ef9 gi\u00fap ng\u01b0\u1eddi ngh\u00e8o h\u1eb1ng n\u0103m. N\u0103m 2000, \u0111o\u00e0n Ti\u1ebfng V\u1ecdng Qu\u00ea H\u01b0\u01a1ng ch\u00ednh th\u1ee9c tr\u1edf th\u00e0nh m\u1ed9t t\u1ed5 ch\u1ee9c phi v\u1ee5 l\u1ee3i. Bao nhi\u00eau n\u0103m mi\u1ec7t m\u00e0i v\u1edbi \u00e2m nh\u1ea1c, Gi\u00e1o s\u01b0 Ng\u1ecdc Dung \u0111\u00e3 \u0111\u00e0o t\u1ea1o h\u00e0ng tr\u0103m l\u1edbp ngh\u1ec7 s\u0129, nh\u1ea1c s\u0129 chuy\u00ean v\u1ec1 nh\u1ea1c c\u1ed5 truy\u1ec1n mi\u1ec1n Nam.<\/span><\/p>\n<hr \/>\n<p style=\"text-align: center;\"><span style=\"color: #993300; font-family: book antiqua,palatino,serif; font-size: 12pt;\"><strong>NGUY\u1ec4N MAI<\/strong><\/span><\/p>\n<p style=\"text-align: center;\"><span style=\"font-family: book antiqua,palatino,serif; font-size: 12pt;\"><img loading=\"lazy\" decoding=\"async\" class=\"alignnone size-medium wp-image-273\" src=\"http:\/\/dhanttvn.net\/2017\/wp-content\/uploads\/sites\/2\/2016\/10\/GS-Nguyen-Thi-Mai-300x198.jpg\" alt=\"gs-nguyen-thi-mai\" width=\"300\" height=\"198\" srcset=\"http:\/\/dhanttvn.net\/2017\/wp-content\/uploads\/sites\/2\/2016\/10\/GS-Nguyen-Thi-Mai-300x198.jpg 300w, http:\/\/dhanttvn.net\/2017\/wp-content\/uploads\/sites\/2\/2016\/10\/GS-Nguyen-Thi-Mai-768x507.jpg 768w, http:\/\/dhanttvn.net\/2017\/wp-content\/uploads\/sites\/2\/2016\/10\/GS-Nguyen-Thi-Mai-1024x676.jpg 1024w, http:\/\/dhanttvn.net\/2017\/wp-content\/uploads\/sites\/2\/2016\/10\/GS-Nguyen-Thi-Mai-1200x792.jpg 1200w, http:\/\/dhanttvn.net\/2017\/wp-content\/uploads\/sites\/2\/2016\/10\/GS-Nguyen-Thi-Mai.jpg 1332w\" sizes=\"auto, (max-width: 300px) 85vw, 300px\" \/><\/span><\/p>\n<p style=\"text-align: justify;\"><span style=\"font-family: book antiqua,palatino,serif; font-size: 12pt;\">Gi\u00e1o s\u01b0 Nguy\u1ec5n Mai l\u00e0 m\u1ed9t th\u00e0nh vi\u00ean trong ban s\u00e1ng l\u1eadp v\u00e0 gi\u00e1m \u0111\u1ed1c c\u1ee7a \u0110o\u00e0n Ngh\u1ec7 thu\u1eadt L\u1ea1c H\u1ed3ng. Gi\u00e1o s\u01b0 Nguy\u1ec5n Mai t\u1ed1t nghi\u1ec7p Nh\u1ea1c vi\u1ec7n Qu\u1ed1c gia t\u1ea1i S\u00e0i G\u00f2n v\u00e0o n\u0103m 1960, chuy\u00ean v\u1ec1 \u0111\u00e0n 16 d\u00e2y v\u00e0 vi\u1ec7c gi\u00e1o d\u1ee5c \u00e2m nh\u1ea1c. Gi\u00e1o s\u01b0 gi\u1ea3ng d\u1ea1y t\u1ea1i Nh\u1ea1c vi\u1ec7n Qu\u1ed1c gia S\u00e0i G\u00f2n, Tr\u01b0\u1eddng Ngh\u1ec7 thu\u1eadt S\u00e2n kh\u1ea5u v\u00e0 tr\u01b0\u1eddng Trung h\u1ecdc Gia Long cho \u0111\u1ebfn khi r\u1eddi Vi\u1ec7t Nam v\u00e0o n\u0103m 1977. Gi\u00e1o s\u01b0 ti\u1ebfp t\u1ee5c s\u1ef1 nghi\u1ec7p gi\u1ea3ng d\u1ea1y c\u1ee7a m\u00ecnh sau khi chuy\u1ec3n \u0111\u1ebfn Houston. B\u00e0 \u0111\u00e3 th\u00e0nh l\u1eadp nh\u00f3m Hoa Sim, tham gia nhi\u1ec1u l\u1ec5 h\u1ed9i c\u1ee7a c\u1ed9ng \u0111\u1ed3ng ng\u01b0\u1eddi Vi\u1ec7t v\u00e0 tham gia Voice of Freedom Radio. Sau khi chuy\u1ec3n \u0111\u1ebfn Orange County, Gi\u00e1o s\u01b0 ti\u1ebfp t\u1ee5c gi\u1ea3ng d\u1ea1y v\u00e0 th\u00e0nh l\u1eadp m\u1ed9t nh\u00f3m Hoa Sim kh\u00e1c m\u00e0 sau n\u00e0y tr\u1edf th\u00e0nh \u0110o\u00e0n Ngh\u1ec7 thu\u1eadt L\u1ea1c H\u1ed3ng.<\/span><\/p>\n<hr \/>\n<p style=\"text-align: center;\"><strong><span style=\"color: #993300; font-family: book antiqua,palatino,serif; font-size: 12pt;\">V\u00d5 QUANG PH\u01af\u01a0NG OANH<\/span><\/strong><\/p>\n<p style=\"text-align: center;\"><img loading=\"lazy\" decoding=\"async\" class=\"alignnone size-medium wp-image-297\" src=\"http:\/\/dhanttvn.net\/2017\/wp-content\/uploads\/sites\/2\/2016\/08\/GS-Vo-Quang-Phuong-Oanh-300x225.jpg\" alt=\"gs-vo-quang-phuong-oanh\" width=\"300\" height=\"225\" srcset=\"http:\/\/dhanttvn.net\/2017\/wp-content\/uploads\/sites\/2\/2016\/08\/GS-Vo-Quang-Phuong-Oanh-300x225.jpg 300w, http:\/\/dhanttvn.net\/2017\/wp-content\/uploads\/sites\/2\/2016\/08\/GS-Vo-Quang-Phuong-Oanh.jpg 480w\" sizes=\"auto, (max-width: 300px) 85vw, 300px\" \/><\/p>\n<p style=\"text-align: justify;\"><span style=\"font-family: book antiqua,palatino,serif; font-size: 12pt;\">T\u1ed1t nghi\u1ec7p tr\u01b0\u1eddng Qu\u1ed1c Gia \u00c2m Nh\u1ea1c v\u00e0 K\u1ecbch Ngh\u1ec7 S\u00e0i G\u00f2n n\u0103m 1962, c\u00f4 l\u00e0 gi\u1ea3ng vi\u00ean ch\u00ednh th\u1ee9c t\u1ea1i Nh\u1ea1c Vi\u1ec7n Qu\u1ed1c Gia Cao \u0110\u1eb3ng S\u00e0i G\u00f2n n\u0103m 1963-1975. C\u00f4 th\u00e0nh l\u1eadp nh\u00f3m Ph\u01b0\u1ee3ng Ca D\u00e2n Ca Qu\u1ed1c Nh\u1ea1c t\u1ea1i Vi\u1ec7t Nam n\u0103m 1969 v\u00e0 t\u00e1i l\u1eadp tr\u01b0\u01a1\u0300ng Ph\u01b0\u1ee3ng Ca D\u00e2n Ca Qu\u00f4\u0301c Nha\u0323c ta\u0323i Paris n\u0103m 1976. \u0110a\u0300n tranh \u0111\u01b0\u01a1\u0323c gi\u1ea3ng da\u0323y ch\u00ednh th\u01b0\u0301c t\u1ea1i nha\u0323c vi\u00ea\u0323n t\u1ec9nh Sevran, Antony v\u00e0 Villepint l\u1ea7n l\u01b0\u1ee3t v\u00e0o c\u00e1c n\u0103m 1987, 2000 v\u00e0 2010 v\u00e0 cu\u0303ng \u0111\u01b0\u01a1\u0323c B\u00f4\u0323 Gia\u0301o Du\u0323c Pha\u0301p c\u00f4ng nh\u00e2\u0323n la\u0300 m\u00f4n nhi\u00ea\u0323m y\u0301 c\u1ee7a k\u1ef3 thi tu\u0301 ta\u0300i. C\u00f4 \u0111\u00e3 \u0111\u00e0o t\u1ea1o nhi\u1ec1u ngh\u1ec7 s\u0129 n\u1ed5i ti\u1ebfng nh\u01b0 ngh\u1ec7 s\u0129 Kim Uy\u00ean (gi\u1ea3i nh\u1ea5t \u0111\u00e0n tranh to\u00e0n qu\u1ed1c n\u0103m 1984, ng\u01b0\u1eddi s\u00e1ng l\u1eadp \u0110\u1ea1i H\u1ed9i \u00c2m Nh\u1ea1c Truy\u1ec1n Th\u1ed1ng Vi\u1ec7t Nam n\u0103m 2011) v\u00e0 c\u00e1c gi\u1ea3ng vi\u00ean \u0111\u00e0n tranh t\u1ea1i Ph\u00e1p nh\u01b0 Ng\u1ecdc Dung, V\u00e2n Anh, Jacqueline. V\u1edbi nh\u1eefng c\u1ed1ng hi\u1ebfn cho n\u1ec1n \u00e2m nh\u1ea1c d\u00e2n t\u1ed9c Vi\u1ec7t Nam, c\u00f4 \u0111\u01b0\u1ee3c trao Hu\u00e2n Ch\u01b0\u01a1ng V\u00e0ng Vi\u1ec7n H\u00e0n L\u00e2m Ngh\u1ec7 Thu\u1eadt \u00c1 Ch\u00e2u n\u0103m 1988 v\u00e0 Hu\u00e2n Ch\u01b0\u01a1ng C\u00f4ng Tr\u1ea1ng Hoa K\u1ef3 n\u0103m 1994. N\u0103m 1996, C\u00f4 nh\u1eadn b\u0103\u0300ng gi\u00e1o s\u01b0 qu\u1ed1c gia Pha\u0301p v\u1ec1 \u00e2m nha\u0323c truy\u1ec1n th\u1ed1ng Vi\u1ec7t Nam v\u00e0 gi\u1ea3ng d\u1ea1y t\u1ea1i c\u00e1c nh\u1ea1c vi\u1ec7n t\u1ec9nh Antony, Sevran trong h\u01a1n 25 n\u0103m. \u0110\u1ed3ng th\u1eddi, sau nhi\u1ec1u n\u0103m mi\u1ec7t m\u00e0i kh\u1ea3o c\u1ee9u, C\u00f4 \u0111\u00e3 nghi\u00ean c\u01b0\u0301u th\u00e0nh c\u00f4ng c\u00e1ch chuy\u1ec3n h\u1ec7 th\u1ed1ng \u00e2m giai ng\u0169 cung \u0111\u1ec3 \u0111a\u0300n tranh co\u0301 th\u1ec3 hoa\u0300 chung v\u01a1\u0301i ca\u0301c nha\u0323c c\u1ee5 T\u00e2y ph\u01b0\u01a1ng v\u00e0 c\u00f3 th\u1ec3 \u00e1p d\u1ee5ng v\u00e0o c\u00e1c b\u1ea3n nh\u1ea1c c\u00f3 nhi\u1ec1u d\u1ea5u th\u0103ng gi\u1ea3m.<br \/>\n<\/span><\/p>\n<hr \/>\n<p style=\"text-align: center;\"><span style=\"color: #993300; font-size: 12pt; font-family: book antiqua,palatino,serif;\"><strong>NGUY\u1ec4N TH\u1eca THANH<\/strong><\/span><\/p>\n<p style=\"text-align: justify;\"><span style=\"font-size: 12pt; font-family: book antiqua,palatino,serif;\"><strong><img loading=\"lazy\" decoding=\"async\" class=\"wp-image-246 aligncenter\" src=\"http:\/\/dhanttvn.net\/2017\/wp-content\/uploads\/sites\/2\/2016\/08\/GS-Nguyen-Thi-Thanh-126x300.jpg\" alt=\"GS Nguyen Thi Thanh\" width=\"163\" height=\"388\" srcset=\"http:\/\/dhanttvn.net\/2017\/wp-content\/uploads\/sites\/2\/2016\/08\/GS-Nguyen-Thi-Thanh-126x300.jpg 126w, http:\/\/dhanttvn.net\/2017\/wp-content\/uploads\/sites\/2\/2016\/08\/GS-Nguyen-Thi-Thanh-768x1827.jpg 768w, http:\/\/dhanttvn.net\/2017\/wp-content\/uploads\/sites\/2\/2016\/08\/GS-Nguyen-Thi-Thanh-430x1024.jpg 430w, http:\/\/dhanttvn.net\/2017\/wp-content\/uploads\/sites\/2\/2016\/08\/GS-Nguyen-Thi-Thanh.jpg 824w\" sizes=\"auto, (max-width: 163px) 85vw, 163px\" \/><\/strong><\/span><\/p>\n<p style=\"text-align: justify;\"><span style=\"font-size: 12pt; font-family: book antiqua,palatino,serif;\">Gi\u00e1o s\u01b0 Nguy\u1ec5n Thanh (Nguy\u1ec5n Th\u1ecb Thanh) t\u1ed1t nghi\u1ec7p Nh\u1ea1c vi\u1ec7n H\u00e0 N\u1ed9i chuy\u00ean ng\u00e0nh \u0110\u00e0n T\u1ef3 B\u00e0 v\u00e0o n\u0103m 1966-1976. Sau n\u0103m 1975, c\u00f4 chuy\u1ec3n v\u00e0o S\u00e0i G\u00f2n tham gia h\u1ecdc t\u1eadp v\u00e0 Gi\u1ea3ng d\u1ea1y t\u1ea1i Nh\u1ea1c vi\u1ec7n Th\u00e0nh ph\u1ed1. V\u1edbi danh hi\u1ec7u Gi\u1ea3ng vi\u00ean xu\u1ea5t s\u1eafc t\u1ea1i Nh\u1ea1c vi\u1ec7n Th\u00e0nh ph\u1ed1 nhi\u1ec1u n\u0103m li\u1ec1n v\u00e0 kinh nghi\u1ec7m gi\u1ea3ng d\u1ea1y t\u1eeb n\u0103m 1976 \u0111\u1ebfn n\u0103m 2012 t\u1ea1i nh\u1ea1c vi\u1ec7n Th\u00e0nh ph\u1ed1, Khoa \u00c2m nh\u1ea1c D\u00e2n t\u1ed9c, chuy\u00ean ng\u00e0nh \u0110\u00e0n T\u1ef3 b\u00e0, c\u00f4 \u0111\u00e3 \u0111\u00e0o t\u1ea1o \u0111\u01b0\u1ee3c nhi\u1ec1u l\u1edbp ngh\u1ec7 s\u1ef9 th\u00e0nh \u0111\u1ea1t t\u1ea1i Vi\u1ec7t Nam nh\u01b0: Nguy\u1ec5n Th\u1ecb Th\u00fay Hu\u1ef3nh \u2013 Gi\u1ea3i 3 \u0110\u1ed9c t\u1ea5u \u0111\u00e0n T\u1ef3 b\u00e0 t\u1ea1i Li\u00ean hoa c\u00e1c Tr\u01b0\u1eddng \u00e2m nh\u1ea1c chuy\u00ean nghi\u1ec7p; Nguy\u1ec5n Ph\u01b0\u01a1ng Th\u00f9y \u2013 Gi\u1ea3i khuy\u1ebfn kh\u00edch trong cu\u1ed9c thi \u0110\u1ed9c t\u1ea5u v\u00e0 H\u00f2a t\u1ea5u nh\u1ea1c c\u1ee5 d\u00e2n t\u1ed9c. Ngo\u00e0i c\u00f4ng t\u00e1c gi\u1ea3ng d\u1ea1y, Gi\u00e1o s\u01b0 Nguy\u1ec5n Thanh c\u00f2n l\u00e0 c\u1ed9ng t\u00e1c vi\u00ean c\u1ee7a \u0110o\u00e0n Ca m\u00faa nh\u1ea1c B\u00f4ng Sen c\u0169ng nh\u01b0 tham gia bi\u1ec3u di\u1ec5n t\u1ea1i nhi\u1ec1u ch\u01b0\u01a1ng tr\u00ecnh ngh\u1ec7 thu\u1eadt trong v\u00e0 ngo\u00e0i n\u01b0\u1edbc nh\u01b0 ch\u01b0\u01a1ng tr\u00ecnh \u201cGyeongju World Traditional Wind Instruments Festival\u201d t\u1ea1i H\u00e0n Qu\u1ed1c n\u0103m 2012. N\u0103m 2016, tham gia d\u00e0n d\u1ef1ng v\u00e0 gi\u1edbi thi\u1ec7u ch\u01b0\u01a1ng tr\u00ecnh Chuy\u00ean \u0111\u1ec1 \u00c2m nh\u1ea1c D\u00e2n T\u1ed9c \u2013 \u201cTi\u1ebfng T\u1ef3 B\u00e0\u201d cho \u0110\u00e0i ph\u00e1t thanh truy\u1ec1n h\u00ecnh HTV.<\/span><\/p>\n<p style=\"text-align: justify;\"><em><span style=\"font-family: book antiqua,palatino,serif; font-size: 12pt;\">(*) Ti\u1ec3u s\u1eed c\u00e1c gi\u00e1o s\u01b0 \/ gi\u1ea3ng vi\u00ean \u0111\u01b0\u1ee3c tr\u00ecnh b\u00e0y theo th\u1ee9 t\u1ef1 abc<\/span><\/em><\/p>\n","protected":false},"excerpt":{"rendered":"<p>GI\u00c1O S\u01af \/ PROFESSORS \/ PROFESSEURS \u0110\u1ed6 TH\u1eca PH\u01af\u01a0NG B\u1ea2O V\u1edbi g\u1ea7n 60 n\u0103m ho\u1ea1t \u0111\u1ed9ng ngh\u1ec7 thu\u1eadt, Gi\u00e1o s\u01b0 Ph\u01b0\u01a1ng B\u1ea3o (\u0110\u1ed7 Th\u1ecb Ph\u01b0\u01a1ng B\u1ea3o) \u0111\u00e3 \u0111\u1ea1t nhi\u1ec1u th\u00e0nh t\u1ef1u tr\u00ean nhi\u1ec1u l\u0129nh v\u1ef1c: gi\u1ea3ng d\u1ea1y, bi\u1ec3u di\u1ec5n, s\u00e1ng t\u00e1c v\u00e0 nghi\u00ean c\u1ee9u. N\u0103m 1970 c\u00f4 \u0111\u1ea1t 2 Huy Ch\u01b0\u01a1ng V\u00e0ng v\u1ec1 bi\u1ec3u di\u1ec5n &hellip; <a href=\"http:\/\/dhanttvn.net\/2017\/thanhvien\/giaosu\/\" class=\"more-link\">Continue reading<span class=\"screen-reader-text\"> &#8220;&#8221;<\/span><\/a><\/p>\n","protected":false},"author":2,"featured_media":0,"parent":60,"menu_order":0,"comment_status":"closed","ping_status":"closed","template":"","meta":{"footnotes":""},"class_list":["post-224","page","type-page","status-publish","hentry"],"_links":{"self":[{"href":"http:\/\/dhanttvn.net\/2017\/wp-json\/wp\/v2\/pages\/224","targetHints":{"allow":["GET"]}}],"collection":[{"href":"http:\/\/dhanttvn.net\/2017\/wp-json\/wp\/v2\/pages"}],"about":[{"href":"http:\/\/dhanttvn.net\/2017\/wp-json\/wp\/v2\/types\/page"}],"author":[{"embeddable":true,"href":"http:\/\/dhanttvn.net\/2017\/wp-json\/wp\/v2\/users\/2"}],"replies":[{"embeddable":true,"href":"http:\/\/dhanttvn.net\/2017\/wp-json\/wp\/v2\/comments?post=224"}],"version-history":[{"count":36,"href":"http:\/\/dhanttvn.net\/2017\/wp-json\/wp\/v2\/pages\/224\/revisions"}],"predecessor-version":[{"id":391,"href":"http:\/\/dhanttvn.net\/2017\/wp-json\/wp\/v2\/pages\/224\/revisions\/391"}],"up":[{"embeddable":true,"href":"http:\/\/dhanttvn.net\/2017\/wp-json\/wp\/v2\/pages\/60"}],"wp:attachment":[{"href":"http:\/\/dhanttvn.net\/2017\/wp-json\/wp\/v2\/media?parent=224"}],"curies":[{"name":"wp","href":"https:\/\/api.w.org\/{rel}","templated":true}]}}