{"id":23,"date":"2016-07-17T21:09:53","date_gmt":"2016-07-17T21:09:53","guid":{"rendered":"http:\/\/dhanttvn.net\/2016\/dang-ky-registration-inscription\/"},"modified":"2017-06-30T09:14:05","modified_gmt":"2017-06-30T09:14:05","slug":"dangky","status":"publish","type":"page","link":"http:\/\/dhanttvn.net\/2017\/dangky\/","title":{"rendered":""},"content":{"rendered":"<p><span style=\"text-decoration: underline; font-size: 12pt; font-family: book antiqua,palatino,serif;\"><u><strong>\u0110\u0102NG K\u00dd THAM D\u1ef0<\/strong><\/u><\/span><\/p>\n<p><span style=\"text-decoration: underline; font-size: 12pt; font-family: book antiqua,palatino,serif;\"><strong>1. Kh\u00e1n gi\u1ea3 d\u1ef1 h\u00f2a nh\u1ea1c v\u00e0 ti\u1ec7c nh\u1eb9 t\u1ed1i ng\u00e0y th\u1ee9 b\u1ea3y 22\/07\/2017<\/strong> <\/span><\/p>\n<ul>\n<li><span style=\"font-size: 12pt; font-family: book antiqua,palatino,serif;\">Xin qu\u00fd v\u1ecb vui l\u00f2ng \u0111\u1eb7t v\u00e9 qua s\u1ed1 \u0111i\u1ec7n tho\u1ea1i Ph\u01b0\u1ee3ng Ca <span id=\"m_3161418805707843089yui_3_16_0_ym19_1_1497890622627_19114\">06.60.48.66.86<\/span> ho\u1eb7c <span id=\"m_3161418805707843089yui_3_16_0_ym19_1_1497890622627_19114\">01.39.95.28.53 v\u00e0 thanh to\u00e1n b\u1eb1ng ti\u1ec1n m\u1eb7t t\u1ea1i bu\u1ed5i h\u00f2a nh\u1ea1c. Qu\u00fd v\u1ecb c\u0169ng c\u00f3 th\u1ec3 mua v\u00e9 qua m\u1ea1ng t\u1ea1i <a href=\"http:\/\/www.billetreduc.com\/189250\/evt.htm?nr=\">http:\/\/www.billetreduc.com\/189250\/evt.htm?nr=<\/a><br \/>\n<\/span><\/span><\/li>\n<li><span style=\"font-size: 12pt; font-family: book antiqua,palatino,serif;\">Gi\u00e1 v\u00e9 (h\u00f2a nh\u1ea1c v\u00e0 ti\u1ec7c nh\u1eb9): 25 euros.<br \/>\n<\/span><\/li>\n<\/ul>\n<p><span style=\"text-decoration: underline; font-size: 12pt; font-family: book antiqua,palatino,serif;\"><strong>2. C\u00e1c ngh\u1ec7 s\u0129, nh\u1ea1c s\u0129 tham gia c\u1ea3 3 ng\u00e0y \u0110\u1ea1i H\u1ed9i<\/strong><\/span><\/p>\n<ul>\n<li style=\"text-align: justify;\"><span style=\"font-size: 12pt; font-family: book antiqua,palatino,serif;\">Xin qu\u00fd v\u1ecb vui l\u00f2ng \u0111i\u1ec1n <a href=\"https:\/\/docs.google.com\/forms\/d\/1fdvtcp8_CTL0J3NA-xMxrVgny1SSMF7rVNEIVL00zP8\/viewform\" target=\"_blank\" rel=\"noopener noreferrer\">\u0111\u01a1n \u0111\u0103ng k\u00fd tham d\u1ef1 tr\u00ean m\u1ea1ng<\/a>. \u0110\u1ed1i v\u1edbi ng\u01b0\u1eddi tham d\u1ef1 d\u01b0\u1edbi 18 tu\u1ed5i, ngo\u00e0i \u0111\u01a1n \u0111\u0103ng k\u00fd tham d\u1ef1, ph\u1ee5 huynh ho\u1eb7c ng\u01b0\u1eddi gi\u00e1m h\u1ed9 c\u1ea7n \u0111i\u1ec1n v\u00e0o <a href=\"http:\/\/dhanttvn.net\/wp\/wp-content\/uploads\/DHANTTVN2017-ParentalConsentForm.pdf\" target=\"_blank\" rel=\"noopener noreferrer\">\u0111\u01a1n \u0111\u1ed3ng \u00fd<\/a> v\u00e0 g\u1eedi v\u1ec1 Ban T\u1ed5 Ch\u1ee9c b\u1eb1ng email,\u00a0ho\u1eb7c ng\u01b0\u1eddi tham d\u1ef1 s\u1ebd n\u1ed9p tr\u1ef1c ti\u1ebfp cho Ban T\u1ed5 Ch\u1ee9c t\u1ea1i \u0110\u1ea1i H\u1ed9i.<\/span><\/li>\n<li style=\"text-align: justify;\"><span style=\"font-size: 12pt; font-family: book antiqua,palatino,serif;\">Ph\u00ed tham gia (\u0111\u00e3 bao g\u1ed3m 3 b\u1eefa \u0103n tr\u01b0a v\u00e0 ti\u1ec7c nh\u1eb9 sau bu\u1ed5i h\u00f2a nh\u1ea1c): 50 euros. Thanh to\u00e1n b\u1eb1ng ti\u1ec1n m\u1eb7t t\u1ea1i ng\u00e0y \u0111\u1ea7u ti\u00ean c\u1ee7a \u0110\u1ea1i H\u1ed9i.<br \/>\n<\/span><\/li>\n<\/ul>\n<hr \/>\n<p><span style=\"font-family: book antiqua,palatino,serif;\"><strong><u>REGISTRATION<\/u><\/strong><u><\/u><\/span><br \/>\n<u><\/u><\/p>\n<p><span style=\"text-decoration: underline; font-family: book antiqua,palatino,serif;\"><strong>1. Concert and closing cocktail on Saturday 22 July 2017<\/strong><\/span><\/p>\n<ul>\n<li><span style=\"font-family: book antiqua,palatino,serif;\">Please book your ticket by calling <span style=\"font-size: 12pt;\">Ph\u01b0\u1ee3ng Ca <span id=\"m_3161418805707843089yui_3_16_0_ym19_1_1497890622627_19114\">06.60.48.66.86<\/span> or <span id=\"m_3161418805707843089yui_3_16_0_ym19_1_1497890622627_19114\">01.39.95.28.53 and pay your ticket by cash upon arrival at the concert. You can also buy your ticket online at <a href=\"http:\/\/www.billetreduc.com\/189250\/evt.htm?nr=\">http:\/\/www.billetreduc.com\/189250\/evt.htm?nr=<\/a><br \/>\n<\/span><\/span><\/span><\/li>\n<li><span style=\"font-family: book antiqua,palatino,serif;\">Price (concert and closing cocktail): 25 euros.<br \/>\n<\/span><\/li>\n<\/ul>\n<p><span style=\"font-family: book antiqua,palatino,serif;\"><strong><span style=\"text-decoration: underline;\">2. The whole 3 days of the festival<\/span><\/strong><\/span><\/p>\n<ul>\n<li style=\"text-align: justify;\"><span style=\"font-size: 12pt; font-family: book antiqua,palatino,serif;\"> If you wish to participate to the whole 3 days of the festival, please fill out the <a href=\"https:\/\/docs.google.com\/forms\/d\/1fdvtcp8_CTL0J3NA-xMxrVgny1SSMF7rVNEIVL00zP8\/viewform\" target=\"_blank\" rel=\"noopener noreferrer\">online registration form<\/a>. In addition, for participants under 18 years old, it is compulsory for their parent or legal guardian to fill out the <a href=\"http:\/\/dhanttvn.net\/wp\/wp-content\/uploads\/DHANTTVN2017-ParentalConsentForm.pdf\" target=\"_blank\" rel=\"noopener noreferrer\">parental consent form<\/a> and send it to the organizing committee by email, or the participant to hand it to the organizing committee on arrival at the festival.<\/span><\/li>\n<li style=\"text-align: justify;\"><span style=\"font-size: 12pt; font-family: book antiqua,palatino,serif;\">Registration fee (including 3 lunches and closing cocktail): 50 euros. <span style=\"font-family: book antiqua,palatino,serif;\">This fee can be paid by cash upon arrival <\/span>at the festival.<u><strong><br \/>\n<\/strong><\/u><\/span><\/li>\n<\/ul>\n<hr \/>\n<p class=\"text-align-justify\" style=\"text-align: justify;\"><span style=\"font-size: 12pt; font-family: book antiqua,palatino,serif;\"><u><strong>INSCRIPTION AU FESTIVAL<\/strong><\/u><\/span><\/p>\n<p class=\"text-align-justify\" style=\"text-align: justify;\"><span style=\"font-size: 12pt; font-family: book antiqua,palatino,serif;\"><u><strong>1. Concert et pot de cl\u00f4ture<\/strong><\/u><\/span><\/p>\n<ul>\n<li class=\"text-align-justify\" style=\"text-align: justify;\"><span style=\"font-size: 12pt; font-family: book antiqua,palatino,serif;\">Veuillez r\u00e9server votre billet par t\u00e9l\u00e9phone au Ph\u01b0\u1ee3ng Ca <span id=\"m_3161418805707843089yui_3_16_0_ym19_1_1497890622627_19114\">06.60.48.66.86<\/span> ou <span id=\"m_3161418805707843089yui_3_16_0_ym19_1_1497890622627_19114\">01.39.95.28.53 et <span style=\"font-family: book antiqua,palatino,serif;\">payer votre billet en esp\u00e8ces en arrivant au concert.<\/span> Vous pouvez \u00e9galement acheter votre billet en ligne <a href=\"http:\/\/www.billetreduc.com\/189250\/evt.htm?nr=\">http:\/\/www.billetreduc.com\/189250\/evt.htm?nr=<\/a><br \/>\n<\/span><\/span><\/li>\n<li class=\"text-align-justify\" style=\"text-align: justify;\"><span style=\"font-family: book antiqua,palatino,serif;\">Prix (concert et pot de cl\u00f4ture) : 25 euros.<br \/>\n<\/span><\/li>\n<\/ul>\n<p class=\"text-align-justify\" style=\"text-align: justify;\"><span style=\"text-decoration: underline; font-family: book antiqua,palatino,serif;\"><strong>2. Trois jours complets du festival<\/strong><\/span><\/p>\n<ul>\n<li class=\"text-align-justify\" style=\"text-align: justify;\"><span style=\"font-size: 12pt; font-family: book antiqua,palatino,serif;\">Si vous souhaitez participer au trois jours complets du festival, nous vous invitons \u00e0 <a href=\"https:\/\/docs.google.com\/forms\/d\/1fdvtcp8_CTL0J3NA-xMxrVgny1SSMF7rVNEIVL00zP8\/viewform\" target=\"_blank\" rel=\"noopener noreferrer\">vous inscrire en ligne<\/a>. Les participants mineurs devront en outre compl\u00e9ter cette inscription par une <a href=\"http:\/\/dhanttvn.net\/wp\/wp-content\/uploads\/DHANTTVN2017-ParentalConsentForm.pdf\" target=\"_blank\" rel=\"noopener noreferrer\" data-entity-type=\"file\" data-entity-uuid=\"1106edd0-1417-4ebd-8cc4-20cf61fd413f\">autorisation parentale<\/a>, \u00e0 faire parvenir aux organisateurs.<\/span><\/li>\n<li class=\"text-align-justify\" style=\"text-align: justify;\"><span style=\"font-size: 12pt; font-family: book antiqua,palatino,serif;\">Frais d&#8217;inscription (y compris 3 repas de d\u00e9jeuner et pot de cl\u00f4ture) : 50 euros. Vous pouvez regler votre inscription en esp\u00e8ces en arrivant au festival.<br \/>\n<\/span><\/li>\n<\/ul>\n","protected":false},"excerpt":{"rendered":"<p>\u0110\u0102NG K\u00dd THAM D\u1ef0 1. Kh\u00e1n gi\u1ea3 d\u1ef1 h\u00f2a nh\u1ea1c v\u00e0 ti\u1ec7c nh\u1eb9 t\u1ed1i ng\u00e0y th\u1ee9 b\u1ea3y 22\/07\/2017 Xin qu\u00fd v\u1ecb vui l\u00f2ng \u0111\u1eb7t v\u00e9 qua s\u1ed1 \u0111i\u1ec7n tho\u1ea1i Ph\u01b0\u1ee3ng Ca 06.60.48.66.86 ho\u1eb7c 01.39.95.28.53 v\u00e0 thanh to\u00e1n b\u1eb1ng ti\u1ec1n m\u1eb7t t\u1ea1i bu\u1ed5i h\u00f2a nh\u1ea1c. Qu\u00fd v\u1ecb c\u0169ng c\u00f3 th\u1ec3 mua v\u00e9 qua m\u1ea1ng t\u1ea1i http:\/\/www.billetreduc.com\/189250\/evt.htm?nr= &hellip; <a href=\"http:\/\/dhanttvn.net\/2017\/dangky\/\" class=\"more-link\">Continue reading<span class=\"screen-reader-text\"> &#8220;&#8221;<\/span><\/a><\/p>\n","protected":false},"author":1,"featured_media":0,"parent":0,"menu_order":3,"comment_status":"closed","ping_status":"closed","template":"","meta":{"footnotes":""},"class_list":["post-23","page","type-page","status-publish","hentry"],"_links":{"self":[{"href":"http:\/\/dhanttvn.net\/2017\/wp-json\/wp\/v2\/pages\/23","targetHints":{"allow":["GET"]}}],"collection":[{"href":"http:\/\/dhanttvn.net\/2017\/wp-json\/wp\/v2\/pages"}],"about":[{"href":"http:\/\/dhanttvn.net\/2017\/wp-json\/wp\/v2\/types\/page"}],"author":[{"embeddable":true,"href":"http:\/\/dhanttvn.net\/2017\/wp-json\/wp\/v2\/users\/1"}],"replies":[{"embeddable":true,"href":"http:\/\/dhanttvn.net\/2017\/wp-json\/wp\/v2\/comments?post=23"}],"version-history":[{"count":15,"href":"http:\/\/dhanttvn.net\/2017\/wp-json\/wp\/v2\/pages\/23\/revisions"}],"predecessor-version":[{"id":429,"href":"http:\/\/dhanttvn.net\/2017\/wp-json\/wp\/v2\/pages\/23\/revisions\/429"}],"wp:attachment":[{"href":"http:\/\/dhanttvn.net\/2017\/wp-json\/wp\/v2\/media?parent=23"}],"curies":[{"name":"wp","href":"https:\/\/api.w.org\/{rel}","templated":true}]}}