{"id":32,"date":"2016-07-17T21:26:51","date_gmt":"2016-07-17T21:26:51","guid":{"rendered":"http:\/\/dhanttvn.net\/2016\/2107-thi-nhac-cu-dan-toc-instrument-contest-concours-de-performance\/"},"modified":"2017-07-29T21:33:39","modified_gmt":"2017-07-29T21:33:39","slug":"contest","status":"publish","type":"page","link":"http:\/\/dhanttvn.net\/2017\/chuongtrinh\/contest\/","title":{"rendered":""},"content":{"rendered":"<p class=\"text-align-justify\" style=\"text-align: justify;\"><span style=\"text-decoration: underline;\"><strong><span style=\"font-family: book antiqua,palatino,serif; font-size: 14pt;\">21\/07\/2017 &#8211; THI NH\u1ea0C C\u1ee4 D\u00c2N T\u1ed8C \/ INSTRUMENT CONTEST \/ CONCOURS DE PERFORMANCE<\/span><\/strong><\/span><\/p>\n<p class=\"text-align-justify\" style=\"text-align: justify;\"><span style=\"font-family: book antiqua,palatino,serif; font-size: 12pt;\">Trong khu\u00f4n kh\u1ed5 \u0110\u1ea1i H\u1ed9i \u00c2m Nh\u1ea1c D\u00e2n T\u1ed9c Vi\u1ec7t Nam 2017, Ban T\u1ed5 Ch\u1ee9c kh\u1edfi \u0111\u1ed9ng cu\u1ed9c thi nh\u1ea1c c\u1ee5 d\u00e2n t\u1ed9c v\u1edbi n\u1ed9i dung nh\u01b0 sau:<br \/>\n<strong><u>\u0110i\u1ec1u ki\u1ec7n v\u00e0 th\u1ec3 l\u1ec7 cu\u1ed9c thi<br \/>\n<\/u><\/strong>\u0110i\u1ec1u ki\u1ec7n tham gia: cu\u1ed9c thi kh\u00f4ng gi\u1edbi h\u1ea1n tu\u1ed5i t\u00e1c, nh\u01b0ng ng\u01b0\u1eddi tham gia kh\u00f4ng ph\u1ea3i h\u1ecdc sinh chuy\u00ean nghi\u1ec7p tr\u01b0\u1eddng nh\u1ea1c.<br \/>\nPh\u01b0\u01a1ng th\u1ee9c thi: th\u00ed sinh s\u1ebd g\u1eedi b\u00e0i d\u1ef1 thi b\u1eb1ng video (xem h\u00ecnh th\u1ee9c b\u00ean d\u01b0\u1edbi), Ban Gi\u00e1m Kh\u1ea3o s\u1ebd tuy\u1ec3n ch\u1ecdn c\u00e1c th\u00ed sinh cho v\u00f2ng thi x\u1ebfp h\u1ea1ng v\u00e0o ng\u00e0y th\u1ee9 s\u00e1u 21\/07\/2017 t\u1ea1i \u0110\u1ea1i H\u1ed9i.<br \/>\nGi\u1ea3i th\u01b0\u1edfng: 1 gi\u1ea3i cho c\u00e1c th\u00ed sinh h\u1ecdc nh\u1ea1c c\u1ee5 t\u1eeb 5 n\u0103m tr\u1edf l\u00ean v\u00e0 1 gi\u1ea3i cho c\u00e1c th\u00ed sinh h\u1ecdc nh\u1ea1c c\u1ee5 t\u1eeb 5 n\u0103m tr\u1edf xu\u1ed1ng, m\u1ed7i gi\u1ea3i tr\u1ecb gi\u00e1 1500 USD.<br \/>\n<u><strong>B\u00e0i d\u1ef1 thi b\u1eb1ng video<br \/>\n<\/strong><\/u>1\/ B\u00e0i Nam B\u00ecnh v\u00e0 1 b\u00e0i t\u1ef1 ch\u1ecdn cho c\u00e1c th\u00ed sinh h\u1ecdc nh\u1ea1c c\u1ee5 t\u1eeb 5 n\u0103m tr\u1edf l\u00ean<br \/>\n2\/ B\u00e0i \u0110i\u1ec7p L\u1ed9ng cho c\u00e1c th\u00ed sinh h\u1ecdc nh\u1ea1c c\u1ee5 t\u1eeb 5 n\u0103m tr\u1edf xu\u1ed1ng<br \/>\nTh\u00ed sinh c\u1ea7n g\u1eedi email v\u1ec1 \u0111\u1ecba ch\u1ec9 <a href=\"mailto:cgapham@netzero.net\">cgapham@netzero.net<\/a>\u00a0<strong>tr\u01b0\u1edbc ng\u00e0y 01\/01\/2017<\/strong> v\u1edbi n\u1ed9i dung nh\u01b0 sau:<br \/>\n&#8211; T\u1ef1a \u0111\u1ec1 email: Video du thi DHANTTVN 2017<br \/>\n&#8211; H\u1ecd t\u00ean: ___<br \/>\n&#8211; Email: ___<br \/>\n&#8211; T\u00ean nh\u1ea1c c\u1ee5: ___<br \/>\n*** \u0110\u00ednh k\u00e8m video file ho\u1eb7c \u0111\u01b0\u1eddng d\u1eabn (internet link) \u0111\u1ebfn video<br \/>\nNg\u00e0y th\u00f4ng b\u00e1o th\u00ed sinh \u0111\u01b0\u1ee3c ch\u1ecdn v\u00e0o v\u00f2ng thi x\u1ebfp h\u1ea1ng: 15\/03\/2017<br \/>\n<u><strong>V\u00f2ng thi x\u1ebfp h\u1ea1ng ng\u00e0y 21\/07\/2017 t\u1ea1i \u0110\u1ea1i H\u1ed9i<br \/>\n<\/strong><\/u>BTC tuy\u1ec3n ch\u1ecdn 3 th\u00ed sinh cho m\u1ed7i tr\u00ecnh \u0111\u1ed9 (d\u01b0\u1edbi 5 n\u0103m v\u00e0 tr\u00ean 5 n\u0103m) v\u00e0o v\u00f2ng thi x\u1ebfp h\u1ea1ng. M\u1ed7i th\u00ed sinh thi tr\u00ecnh t\u1ea5u \u0111\u00e0n tranh v\u00e0 sau \u0111\u00f3 thi v\u1ea5n \u0111\u00e1p. N\u1ed9i dung thi v\u1ea5n \u0111\u00e1p \u0111\u01b0\u1ee3c th\u00f4ng b\u00e1o tr\u1ef1c ti\u1ebfp \u0111\u1ebfn th\u00ed sinh \u0111\u01b0\u1ee3c tuy\u1ec3n ch\u1ecdn.<\/span><\/p>\n<p class=\"text-align-justify\" style=\"text-align: center;\"><span style=\"text-decoration: underline; color: #0000ff; font-family: book antiqua,palatino,serif;\"><strong>K\u1ebft qu\u1ea3 v\u00f2ng thi x\u1ebfp h\u1ea1ng<\/strong><\/span><br \/>\n<span style=\"text-decoration: underline; font-family: book antiqua,palatino,serif;\"><em><span style=\"color: #0000ff; text-decoration: underline;\">Ban gi\u00e1m kh\u1ea3o<\/span><\/em><\/span><br \/>\n<span style=\"color: #0000ff; font-family: book antiqua,palatino,serif;\">\u0110\u1ed7 Th\u1ecb Ph\u01b0\u01a1ng B\u1ea3o (Vi\u1ec7t Nam), Nguy\u1ec5n Mai (USA), Nguy\u1ec5n Lan Ph\u01b0\u01a1ng (Ph\u00e1p)<\/span><br \/>\n<span style=\"text-decoration: underline; color: #0000ff; font-family: book antiqua,palatino,serif;\"> <em>Tr\u00ecnh \u0111\u1ed9 d\u01b0\u1edbi 5 n\u0103m<\/em><\/span><br \/>\n<span style=\"color: #0000ff; font-family: book antiqua,palatino,serif;\"> Gi\u1ea3i nh\u1ea5t: \u0110\u1eb7ng Minh H\u1ed3ng (Lana) v\u00e0 L\u1ee5c Ph\u1ea1m qu\u1ef3nh Nhi<\/span><br \/>\n<span style=\"color: #0000ff; font-family: book antiqua,palatino,serif;\"> Gi\u1ea3i nh\u00ec: B\u00f9i M\u1ef9 H\u1ea1nh<\/span><br \/>\n<span style=\"text-decoration: underline; color: #0000ff; font-family: book antiqua,palatino,serif;\"> <em>Tr\u00ecnh \u0111\u1ed9 tr\u00ean 5 n\u0103m<\/em><\/span><br \/>\n<span style=\"font-family: book antiqua,palatino,serif; color: #0000ff;\"> Gi\u1ea3i nh\u1ea5t: Nguy\u1ec5n Th\u1ecb Lan Anh<\/span><br \/>\n<span style=\"font-family: book antiqua,palatino,serif; color: #0000ff;\"> Gi\u1ea3i nh\u00ec: \u0110inh Kim V\u0129nh Ch\u00e2u<\/span><br \/>\n<span style=\"font-family: book antiqua,palatino,serif; color: #0000ff;\"> Gi\u1ea3i ba: T\u1ed1 Ch\u01b0\u01a1ng Wagorn<\/span><\/p>\n","protected":false},"excerpt":{"rendered":"<p>21\/07\/2017 &#8211; THI NH\u1ea0C C\u1ee4 D\u00c2N T\u1ed8C \/ INSTRUMENT CONTEST \/ CONCOURS DE PERFORMANCE Trong khu\u00f4n kh\u1ed5 \u0110\u1ea1i H\u1ed9i \u00c2m Nh\u1ea1c D\u00e2n T\u1ed9c Vi\u1ec7t Nam 2017, Ban T\u1ed5 Ch\u1ee9c kh\u1edfi \u0111\u1ed9ng cu\u1ed9c thi nh\u1ea1c c\u1ee5 d\u00e2n t\u1ed9c v\u1edbi n\u1ed9i dung nh\u01b0 sau: \u0110i\u1ec1u ki\u1ec7n v\u00e0 th\u1ec3 l\u1ec7 cu\u1ed9c thi \u0110i\u1ec1u ki\u1ec7n tham gia: cu\u1ed9c thi &hellip; <a href=\"http:\/\/dhanttvn.net\/2017\/chuongtrinh\/contest\/\" class=\"more-link\">Continue reading<span class=\"screen-reader-text\"> &#8220;&#8221;<\/span><\/a><\/p>\n","protected":false},"author":1,"featured_media":0,"parent":331,"menu_order":1,"comment_status":"closed","ping_status":"closed","template":"","meta":{"footnotes":""},"class_list":["post-32","page","type-page","status-publish","hentry"],"_links":{"self":[{"href":"http:\/\/dhanttvn.net\/2017\/wp-json\/wp\/v2\/pages\/32","targetHints":{"allow":["GET"]}}],"collection":[{"href":"http:\/\/dhanttvn.net\/2017\/wp-json\/wp\/v2\/pages"}],"about":[{"href":"http:\/\/dhanttvn.net\/2017\/wp-json\/wp\/v2\/types\/page"}],"author":[{"embeddable":true,"href":"http:\/\/dhanttvn.net\/2017\/wp-json\/wp\/v2\/users\/1"}],"replies":[{"embeddable":true,"href":"http:\/\/dhanttvn.net\/2017\/wp-json\/wp\/v2\/comments?post=32"}],"version-history":[{"count":11,"href":"http:\/\/dhanttvn.net\/2017\/wp-json\/wp\/v2\/pages\/32\/revisions"}],"predecessor-version":[{"id":447,"href":"http:\/\/dhanttvn.net\/2017\/wp-json\/wp\/v2\/pages\/32\/revisions\/447"}],"up":[{"embeddable":true,"href":"http:\/\/dhanttvn.net\/2017\/wp-json\/wp\/v2\/pages\/331"}],"wp:attachment":[{"href":"http:\/\/dhanttvn.net\/2017\/wp-json\/wp\/v2\/media?parent=32"}],"curies":[{"name":"wp","href":"https:\/\/api.w.org\/{rel}","templated":true}]}}