{"id":5,"date":"2016-07-17T20:52:08","date_gmt":"2016-07-17T20:52:08","guid":{"rendered":"http:\/\/dhanttvn.net\/2017\/dhanttvn-2017\/"},"modified":"2017-02-17T22:03:18","modified_gmt":"2017-02-17T22:03:18","slug":"home","status":"publish","type":"page","link":"http:\/\/dhanttvn.net\/2017\/","title":{"rendered":""},"content":{"rendered":"<p class=\"text-align-center\" style=\"text-align: center;\"><img loading=\"lazy\" decoding=\"async\" class=\"alignnone wp-image-374 size-full\" src=\"http:\/\/dhanttvn.net\/2017\/wp-content\/uploads\/sites\/2\/2016\/07\/AFFICHE_170217_A.jpg\" alt=\"AFFICHE_170217_A\" width=\"1191\" height=\"1684\" srcset=\"http:\/\/dhanttvn.net\/2017\/wp-content\/uploads\/sites\/2\/2016\/07\/AFFICHE_170217_A.jpg 1191w, http:\/\/dhanttvn.net\/2017\/wp-content\/uploads\/sites\/2\/2016\/07\/AFFICHE_170217_A-212x300.jpg 212w, http:\/\/dhanttvn.net\/2017\/wp-content\/uploads\/sites\/2\/2016\/07\/AFFICHE_170217_A-768x1086.jpg 768w, http:\/\/dhanttvn.net\/2017\/wp-content\/uploads\/sites\/2\/2016\/07\/AFFICHE_170217_A-724x1024.jpg 724w\" sizes=\"auto, (max-width: 709px) 85vw, (max-width: 909px) 67vw, (max-width: 1362px) 62vw, 840px\" \/><\/p>\n<p class=\"text-align-center\" style=\"text-align: justify;\"><span style=\"font-size: 12pt; font-family: book antiqua,palatino,serif;\">\u0110\u1ea1i H\u1ed9i \u00c2m Nh\u1ea1c Truy\u1ec1n Th\u1ed1ng Vi\u1ec7t Nam l\u1ea7n IV di\u1ec5n ra t\u1eeb ng\u00e0y 20 \u0111\u1ebfn 22 th\u00e1ng 7 n\u0103m 2017 t\u1ea1i Paris, Ph\u00e1p, \u0111\u01b0\u1ee3c t\u1ed5 ch\u1ee9c b\u1edfi tr\u01b0\u1eddng <a href=\"http:\/\/www.phuongca.org\/\" target=\"_blank\">Ph\u01b0\u1ee3ng Ca D\u00e2n Ca Qu\u1ed1c Nh\u1ea1c<\/a>.<br \/>\nC\u0169ng nh\u01b0 c\u00e1c l\u1ea7n \u0110\u1ea1i H\u1ed9i tr\u01b0\u1edbc, m\u1ee5c \u0111\u00edch c\u1ee7a \u0110\u1ea1i H\u1ed9i l\u1ea7n IV l\u00e0:<br \/>\n\u25ba trau gi\u1ed3i kinh nghi\u1ec7m gi\u1ea3ng d\u1ea1y, tr\u00ecnh di\u1ec5n v\u00e0 h\u1ecdc h\u1ecfi v\u1ec1 \u00e2m nh\u1ea1c truy\u1ec1n th\u1ed1ng<br \/>\n\u25ba k\u1ebft ch\u1eb7t t\u00ecnh th\u00e2n gi\u1eefa c\u00e1c t\u1ed5 ch\u1ee9c, c\u00e1c nh\u00f3m nh\u1ea1c d\u00e2n t\u1ed9c Vi\u1ec7t Nam tr\u00ean kh\u1eafp th\u1ebf gi\u1edbi<br \/>\n\u25ba ph\u1ed5 bi\u1ebfn, duy tr\u00ec v\u00e0 ph\u00e1t huy \u00e2m nh\u1ea1c d\u00e2n t\u1ed9c Vi\u1ec7t Nam<br \/>\n<a href=\"http:\/\/dhanttvn.net\/wp\/wp-content\/uploads\/DHANTTVN2017-Invitation.pdf\" target=\"_blank\">Th\u01b0 m\u1eddi tham gia \u0110\u1ea1i H\u1ed9i<\/a><\/span><\/p>\n<hr \/>\n<p class=\"text-align-center\" style=\"text-align: justify;\"><span style=\"font-size: 12pt; font-family: book antiqua,palatino,serif;\">The 4th Vietnamese Traditional Music Festival will be hosted by the music school <a href=\"http:\/\/www.phuongca.org\/\" target=\"_blank\">Ph\u01b0\u1ee3ng Ca D\u00e2n Ca Qu\u1ed1c Nh\u1ea1c<\/a> in Paris, France from July 20 to 22, 2017.<br \/>\nThe goals of the Vietnamese Traditional Music Festivals consist of:<br \/>\n\u25ba sharing and exchanging experiences in teaching, performance and study of Vietnamese traditional music<br \/>\n\u25ba strengthening bonds among Vietnamese traditional music groups worldwide<br \/>\n\u25ba preserving and promoting the Vietnamese traditional music to different corners of the world<br \/>\n<a href=\"http:\/\/dhanttvn.net\/wp\/wp-content\/uploads\/DHANTTVN2017-Invitation.pdf\" target=\"_blank\" data-entity-type=\"file\" data-entity-uuid=\"4cbf3bf1-72ee-431d-9263-15be95f93594\">Invitation to the 4th Vietnamese Traditional Music Festival<\/a><\/span><\/p>\n<hr \/>\n<p class=\"text-align-center\" style=\"text-align: justify;\"><span style=\"font-family: book antiqua,palatino,serif; font-size: 12pt;\">Le 4\u00e8me Festival de la Musique Traditionnelle Vietnamienne sera organis\u00e9 par l&#8217;\u00e9cole de musique <a href=\"http:\/\/www.phuongca.org\/\" target=\"_blank\">Ph\u01b0\u1ee3ng Ca D\u00e2n Ca Qu\u1ed1c Nh\u1ea1c<\/a> \u00e0 Paris du 20 au 22 Juillet, 2017.<br \/>\nNos objectifs sont :<br \/>\n\u25ba partager et \u00e9changer nos exp\u00e9riences dans le domaine de la didactique et de la performance<br \/>\n\u25ba renforcer les liens entre les groupes de musique \u00e0 travers le monde<br \/>\n\u25ba pr\u00e9server et promouvoir ce patrimoine aux quatre coins du monde<br \/>\n<a href=\"http:\/\/dhanttvn.net\/wp\/wp-content\/uploads\/DHANTTVN2017-Invitation.pdf\" target=\"_blank\" data-entity-type=\"file\" data-entity-uuid=\"4cbf3bf1-72ee-431d-9263-15be95f93594\">Invitation pour le 4\u00e8me Festival de la Musique Traditionnelle Vietnamienne<\/a><\/span><\/p>\n","protected":false},"excerpt":{"rendered":"<p>\u0110\u1ea1i H\u1ed9i \u00c2m Nh\u1ea1c Truy\u1ec1n Th\u1ed1ng Vi\u1ec7t Nam l\u1ea7n IV di\u1ec5n ra t\u1eeb ng\u00e0y 20 \u0111\u1ebfn 22 th\u00e1ng 7 n\u0103m 2017 t\u1ea1i Paris, Ph\u00e1p, \u0111\u01b0\u1ee3c t\u1ed5 ch\u1ee9c b\u1edfi tr\u01b0\u1eddng Ph\u01b0\u1ee3ng Ca D\u00e2n Ca Qu\u1ed1c Nh\u1ea1c. C\u0169ng nh\u01b0 c\u00e1c l\u1ea7n \u0110\u1ea1i H\u1ed9i tr\u01b0\u1edbc, m\u1ee5c \u0111\u00edch c\u1ee7a \u0110\u1ea1i H\u1ed9i l\u1ea7n IV l\u00e0: \u25ba trau gi\u1ed3i kinh nghi\u1ec7m &hellip; <a href=\"http:\/\/dhanttvn.net\/2017\/\" class=\"more-link\">Continue reading<span class=\"screen-reader-text\"> &#8220;&#8221;<\/span><\/a><\/p>\n","protected":false},"author":1,"featured_media":0,"parent":0,"menu_order":0,"comment_status":"closed","ping_status":"closed","template":"","meta":{"footnotes":""},"class_list":["post-5","page","type-page","status-publish","hentry"],"_links":{"self":[{"href":"http:\/\/dhanttvn.net\/2017\/wp-json\/wp\/v2\/pages\/5","targetHints":{"allow":["GET"]}}],"collection":[{"href":"http:\/\/dhanttvn.net\/2017\/wp-json\/wp\/v2\/pages"}],"about":[{"href":"http:\/\/dhanttvn.net\/2017\/wp-json\/wp\/v2\/types\/page"}],"author":[{"embeddable":true,"href":"http:\/\/dhanttvn.net\/2017\/wp-json\/wp\/v2\/users\/1"}],"replies":[{"embeddable":true,"href":"http:\/\/dhanttvn.net\/2017\/wp-json\/wp\/v2\/comments?post=5"}],"version-history":[{"count":11,"href":"http:\/\/dhanttvn.net\/2017\/wp-json\/wp\/v2\/pages\/5\/revisions"}],"predecessor-version":[{"id":375,"href":"http:\/\/dhanttvn.net\/2017\/wp-json\/wp\/v2\/pages\/5\/revisions\/375"}],"wp:attachment":[{"href":"http:\/\/dhanttvn.net\/2017\/wp-json\/wp\/v2\/media?parent=5"}],"curies":[{"name":"wp","href":"https:\/\/api.w.org\/{rel}","templated":true}]}}