{"id":54,"date":"2016-07-17T21:34:19","date_gmt":"2016-07-17T21:34:19","guid":{"rendered":"http:\/\/dhanttvn.net\/2016\/2207-concert\/"},"modified":"2017-07-29T21:20:56","modified_gmt":"2017-07-29T21:20:56","slug":"concert","status":"publish","type":"page","link":"http:\/\/dhanttvn.net\/2017\/chuongtrinh\/concert\/","title":{"rendered":""},"content":{"rendered":"<p class=\"text-align-justify\" style=\"text-align: justify;\"><span style=\"text-decoration: underline;\"><strong><span style=\"font-family: book antiqua,palatino,serif; font-size: 14pt;\">22\/07\/2017 &#8211; CONCERT<\/span><\/strong><\/span><\/p>\n<p class=\"text-align-justify\" style=\"text-align: center;\"><img loading=\"lazy\" decoding=\"async\" class=\"alignnone wp-image-444 size-full\" src=\"http:\/\/dhanttvn.net\/2017\/wp-content\/uploads\/sites\/2\/2016\/07\/Chuong-trinh-hoa-nhac.png\" alt=\"\" width=\"1073\" height=\"1481\" srcset=\"http:\/\/dhanttvn.net\/2017\/wp-content\/uploads\/sites\/2\/2016\/07\/Chuong-trinh-hoa-nhac.png 1073w, http:\/\/dhanttvn.net\/2017\/wp-content\/uploads\/sites\/2\/2016\/07\/Chuong-trinh-hoa-nhac-217x300.png 217w, http:\/\/dhanttvn.net\/2017\/wp-content\/uploads\/sites\/2\/2016\/07\/Chuong-trinh-hoa-nhac-768x1060.png 768w, http:\/\/dhanttvn.net\/2017\/wp-content\/uploads\/sites\/2\/2016\/07\/Chuong-trinh-hoa-nhac-742x1024.png 742w\" sizes=\"auto, (max-width: 709px) 85vw, (max-width: 909px) 67vw, (max-width: 1362px) 62vw, 840px\" \/><\/p>\n<p class=\"text-align-justify\" style=\"text-align: center;\"><span style=\"font-family: book antiqua,palatino,serif; font-size: 12pt;\"><u><strong>QUY \u0110\u1ecaNH CHUNG<\/strong><\/u><\/span><\/p>\n<p class=\"text-align-justify\" style=\"text-align: justify;\"><span style=\"font-family: book antiqua,palatino,serif; font-size: 12pt;\"><u><strong>1.<\/strong><\/u> M\u1ee5c \u0111\u00edch c\u1ee7a \u0110\u1ea1i H\u1ed9i l\u00e0 t\u1ea1o \u0111i\u1ec1u ki\u1ec7n h\u1ecdc t\u1eadp, trao \u0111\u1ed5i, n\u00e2ng cao ki\u1ebfn th\u1ee9c v\u00e0 kinh nghi\u1ec7m bi\u1ec3u di\u1ec5n \u00e2m nh\u1ea1c truy\u1ec1n th\u1ed1ng. V\u00ec th\u1eddi gian tr\u00ecnh di\u1ec5n c\u00f3 h\u1ea1n v\u00e0 v\u1edbi mong mu\u1ed1n c\u00e1c th\u00e0nh vi\u00ean tham gia \u0110\u1ea1i H\u1ed9i c\u00f3 c\u01a1 h\u1ed9i giao l\u01b0u v\u00e0 th\u1eaft ch\u1eb7t t\u00ecnh th\u00e2n, BTC h\u1ea1n ch\u1ebf c\u00e1c ti\u1ebft m\u1ee5c \u0111\u1ed9c t\u1ea5u v\u00e0 khuy\u1ebfn kh\u00edch c\u00e1c ngh\u1ec7 s\u0129 tr\u00ecnh di\u1ec5n theo nh\u00f3m. \u0110\u1ed1i v\u1edbi c\u00e1c ngh\u1ec7 s\u0129 \u0111\u0103ng k\u00fd \u0111\u1ed9c t\u1ea5u, BTC s\u1ebd t\u1ea1o \u0111i\u1ec1u ki\u1ec7n \u0111\u1ec3 ngh\u1ec7 s\u0129 \u0111\u00f3 h\u1ee3p t\u1ea5u v\u1edbi c\u00e1c ngh\u1ec7 s\u0129 kh\u00e1c d\u1ef1a tr\u00ean b\u00e0i nh\u1ea1c \u0111\u01b0\u1ee3c g\u1eedi v\u1ec1.<br \/>\n<u><strong>2.<\/strong><\/u> Ti\u1ebft m\u1ee5c tr\u00ecnh di\u1ec5n:<strong><br \/>\n<\/strong>&#8211; Ch\u01b0\u01a1ng tr\u00ecnh concert s\u1ebd bao g\u1ed3m 2 ph\u1ea7n ch\u00ednh: nh\u1ea1c truy\u1ec1n th\u1ed1ng v\u00e0 nh\u1ea1c hi\u1ec7n \u0111\u1ea1i. V\u00ec v\u1eady, BTC khuy\u1ebfn kh\u00edch m\u1ed7i nh\u00f3m nh\u1ea1c\/ngh\u1ec7 s\u0129 g\u1eedi \u0111\u1ebfn BTC 2 b\u00e0i (1 truy\u1ec1n th\u1ed1ng v\u00e0 1 hi\u1ec7n \u0111\u1ea1i) v\u1edbi th\u1eddi gian bi\u1ec3u di\u1ec5n t\u1ed1i \u0111a c\u1ee7a m\u1ed7i b\u00e0i l\u00e0 7 ph\u00fat.<br \/>\n&#8211; Ngo\u00e0i ra, th\u00f4ng qua Masterclass, c\u00e1c Th\u1ea7y C\u00f4 c\u0169ng s\u1ebd h\u01b0\u1edbng d\u1eabn m\u1ed9t s\u1ed1 ti\u1ebft m\u1ee5c cho bu\u1ed5i concert.<br \/>\n&#8211; BTC xin ph\u00e9p t\u1ed5ng h\u1ee3p t\u1ea5t c\u1ea3 c\u00e1c b\u00e0i g\u1eedi v\u1ec1 v\u00e0 s\u1eafp x\u1ebfp c\u00e1c ti\u1ebft m\u1ee5c. N\u1ebfu c\u00e1c nh\u00f3m nh\u1ea1c\/ngh\u1ec7 s\u0129 g\u1eedi b\u00e0i gi\u1ed1ng nhau, BTC s\u1ebd s\u1eafp x\u1ebfp \u0111\u1ec3 c\u00e1c ngh\u1ec7 s\u0129 tr\u00ecnh di\u1ec5n chung ho\u1eb7c nh\u00f3m g\u1eedi tr\u1ec5 h\u01a1n c\u00f3 th\u1ec3 g\u1eedi l\u1ea1i b\u00e0i kh\u00e1c. C\u00e1c ngh\u1ec7 s\u0129 kh\u00f4ng c\u00f3 b\u00e0i g\u1eedi v\u1ec1 BTC c\u0169ng s\u1ebd tr\u00ecnh di\u1ec5n chung v\u1edbi ngh\u1ec7 s\u0129 kh\u00e1c trong c\u00e1c ti\u1ebft m\u1ee5c \u0111\u01b0\u1ee3c s\u1eafp x\u1ebfp.<br \/>\n<span style=\"color: #000000;\"> &#8211; Xin h\u00e3y g\u1eedi b\u00e0i \u0111\u1ebfn gi\u00e1o s\u01b0 Ph\u01b0\u01a1ng Oanh <em>phuongoanhv[at]yahoo.fr<\/em> v\u1edbi n\u1ed9i dung nh\u01b0 sau:<\/span><br \/>\n<u><em>B\u00e0i truy\u1ec1n th\u1ed1ng:<br \/>\n<\/em><\/u><em>&#8211; T\u00ean b\u00e0i: ___<br \/>\n<\/em><em>&#8211; T\u00ean nh\u00f3m\/ngh\u1ec7 s\u0129 bi\u1ec3u di\u1ec5n (c\u00f9ng v\u1edbi t\u00ean nh\u1ea1c c\u1ee5): ___<br \/>\n<\/em><em>&#8211; Th\u1eddi gian bi\u1ec3u di\u1ec5n: ___<br \/>\n<\/em><u><em>B\u00e0i hi\u1ec7n \u0111\u1ea1i:<br \/>\n<\/em><\/u><em>&#8211; T\u00ean b\u00e0i: ___<br \/>\n<\/em><em>&#8211; T\u00ean nh\u00f3m\/ngh\u1ec7 s\u0129 bi\u1ec3u di\u1ec5n (c\u00f9ng v\u1edbi t\u00ean nh\u1ea1c c\u1ee5): ___<br \/>\n<\/em><em>&#8211; Th\u1eddi gian bi\u1ec3u di\u1ec5n: ___<\/em><em><br \/>\n<\/em><strong><u>3.<\/u> <\/strong>Ti\u1ebft m\u1ee5c h\u1ee3p t\u1ea5u khai m\u1ea1c v\u00e0 b\u1ebf m\u1ea1c ch\u01b0\u01a1ng tr\u00ecnh concert: Bu\u1ed5i tr\u00ecnh di\u1ec5n s\u1ebd \u0111\u01b0\u1ee3c m\u1edf \u0111\u1ea7u b\u1eb1ng b\u00e0i Nh\u1eadp M\u00f4n L\u01b0u Th\u1ee7y v\u00e0 k\u1ebft th\u00fac b\u1eb1ng Tam Ph\u00e1p Nh\u1eadp M\u00f4n v\u00e0 Ng\u0169 \u0110i\u1ec3m Mai T\u1ecda Ng\u1ecdc L\u1ea7u.<br \/>\n<u><strong>4.<\/strong><\/u> Bu\u1ed5i t\u1ed5ng duy\u1ec7t s\u1ebd di\u1ec5n ra v\u00e0o ng\u00e0y th\u1ee9 b\u1ea3y 22\/07\/2017. C\u00e1c ngh\u1ec7 s\u0129 b\u1eaft bu\u1ed9c ph\u1ea3i tham gia bu\u1ed5i t\u1ed5ng duy\u1ec7t, nh\u1eb1m th\u1ed1ng nh\u1ea5t n\u1ed9i dung, th\u1ee9 t\u1ef1 ti\u1ebft m\u1ee5c v\u00e0 v\u1ecb tr\u00ed ch\u1ed7 ng\u1ed3i.<br \/>\n<u><strong>5.<\/strong><\/u> Nh\u1eb1m \u0111\u1ea3m b\u1ea3o th\u1eddi gian c\u0169ng nh\u01b0 s\u1ef1 t\u00f4n tr\u1ecdng l\u1eabn nhau, c\u00e1c ngh\u1ec7 s\u0129 c\u1ea7n tu\u00e2n theo th\u1ee9 t\u1ef1 c\u00e1c ti\u1ebft m\u1ee5c, v\u1ecb tr\u00ed ch\u1ed7 ng\u1ed3i v\u00e0 n\u1ed9i dung ch\u01b0\u01a1ng tr\u00ecnh bi\u1ec3u di\u1ec5n \u0111\u00e3 \u0111\u01b0\u1ee3c th\u1ed1ng nh\u1ea5t v\u00e0o bu\u1ed5i t\u1ed5ng duy\u1ec7t. Tuy\u1ec7t \u0111\u1ed1i kh\u00f4ng \u0111\u01b0\u1ee3c t\u1ef1 \u00fd thay \u0111\u1ed5i n\u1ed9i dung bi\u1ec3u di\u1ec5n, v\u1ecb tr\u00ed ch\u1ed7 ng\u1ed3i ho\u1eb7c v\u01b0\u1ee3t qu\u00e1 th\u1eddi gian \u0111\u00e3 quy \u0111\u1ecbnh.<br \/>\n<u><strong>6.<\/strong><\/u> V\u00ec \u0111\u00e2y l\u00e0 m\u1ed9t ch\u01b0\u01a1ng tr\u00ecnh \u00e2m nh\u1ea1c truy\u1ec1n th\u1ed1ng Vi\u1ec7t Nam, BTC kh\u00f4ng \u0111\u1ed3ng \u00fd vi\u1ec7c s\u1eed d\u1ee5ng nh\u1ea1c kh\u00ed t\u00e2y ph\u01b0\u01a1ng. Tr\u01b0\u1eddng h\u1ee3p b\u1eaft bu\u1ed9c ph\u1ea3i d\u00f9ng nh\u1ea1c kh\u00ed t\u00e2y ph\u01b0\u01a1ng \u0111\u1ec3 \u0111\u1ec7m cho nh\u1ea1c kh\u00ed d\u00e2n t\u1ed9c ph\u1ea3i \u0111\u01b0\u1ee3c s\u1ef1 \u0111\u1ed3ng \u00fd c\u1ee7a BTC.<br \/>\n<u><strong>7.<\/strong><\/u> C\u00e1c ngh\u1ec7 s\u0129 n\u00ean h\u1ea1n ch\u1ebf vi\u1ec7c s\u1eed d\u1ee5ng CD l\u00e0m nh\u1ea1c n\u1ec1n. Tr\u01b0\u1eddng h\u1ee3p b\u1eaft bu\u1ed9c ph\u1ea3i d\u00f9ng CD nh\u1ea1c n\u1ec1n ph\u1ea3i \u0111\u01b0\u1ee3c s\u1ef1 \u0111\u1ed3ng \u00fd c\u1ee7a BTC.<br \/>\n<u><strong>8.<\/strong><\/u> Nh\u1eb1m \u0111\u1ea3m b\u1ea3o t\u00ednh chuy\u00ean nghi\u1ec7p c\u0169ng nh\u01b0 s\u1ef1 t\u00f4n tr\u1ecdng kh\u00e1n gi\u1ea3 tham d\u1ef1, c\u00e1c ngh\u1ec7 s\u0129 c\u1ea7n thu\u1ed9c b\u00e0i bi\u1ec3u di\u1ec5n, h\u1ea1n ch\u1ebf s\u1eed d\u1ee5ng gi\u00e1 nh\u1ea1c ho\u1eb7c b\u1ea5t k\u1ef3 h\u00ecnh th\u1ee9c \u0111\u1ecdc b\u00e0i n\u00e0o kh\u00e1c trong bu\u1ed5i tr\u00ecnh di\u1ec5n.<br \/>\n<strong><u>9.<\/u> <\/strong>Trang ph\u1ee5c bi\u1ec3u di\u1ec5n:<strong><br \/>\n<\/strong>&#8211; C\u00e1c ngh\u1ec7 s\u0129 bi\u1ec3u di\u1ec5n c\u1ea7n s\u1eed d\u1ee5ng trang ph\u1ee5c truy\u1ec1n th\u1ed1ng v\u1edbi thi\u1ebft k\u1ebf l\u1ecbch s\u1ef1, nh\u00e3 nh\u1eb7n v\u00e0 ph\u00f9 h\u1ee3p v\u1edbi ti\u1ebft m\u1ee5c bi\u1ec5u di\u1ec5n.<br \/>\n&#8211; \u0110\u1ed1i v\u1edbi ti\u1ebft m\u1ee5c h\u1ee3p t\u1ea5u khai m\u1ea1c v\u00e0 b\u1ebf m\u1ea1c ch\u01b0\u01a1ng tr\u00ecnh concert, t\u1ea5t c\u1ea3 c\u00e1c ngh\u1ec7 s\u0129 s\u1ebd m\u1eb7c \u00e1o d\u00e0i kh\u0103n \u0111\u00f3ng.<\/span><\/p>\n<p>&nbsp;<\/p>\n","protected":false},"excerpt":{"rendered":"<p>22\/07\/2017 &#8211; CONCERT QUY \u0110\u1ecaNH CHUNG 1. M\u1ee5c \u0111\u00edch c\u1ee7a \u0110\u1ea1i H\u1ed9i l\u00e0 t\u1ea1o \u0111i\u1ec1u ki\u1ec7n h\u1ecdc t\u1eadp, trao \u0111\u1ed5i, n\u00e2ng cao ki\u1ebfn th\u1ee9c v\u00e0 kinh nghi\u1ec7m bi\u1ec3u di\u1ec5n \u00e2m nh\u1ea1c truy\u1ec1n th\u1ed1ng. V\u00ec th\u1eddi gian tr\u00ecnh di\u1ec5n c\u00f3 h\u1ea1n v\u00e0 v\u1edbi mong mu\u1ed1n c\u00e1c th\u00e0nh vi\u00ean tham gia \u0110\u1ea1i H\u1ed9i c\u00f3 c\u01a1 h\u1ed9i giao &hellip; <a href=\"http:\/\/dhanttvn.net\/2017\/chuongtrinh\/concert\/\" class=\"more-link\">Continue reading<span class=\"screen-reader-text\"> &#8220;&#8221;<\/span><\/a><\/p>\n","protected":false},"author":1,"featured_media":0,"parent":331,"menu_order":2,"comment_status":"closed","ping_status":"closed","template":"","meta":{"footnotes":""},"class_list":["post-54","page","type-page","status-publish","hentry"],"_links":{"self":[{"href":"http:\/\/dhanttvn.net\/2017\/wp-json\/wp\/v2\/pages\/54","targetHints":{"allow":["GET"]}}],"collection":[{"href":"http:\/\/dhanttvn.net\/2017\/wp-json\/wp\/v2\/pages"}],"about":[{"href":"http:\/\/dhanttvn.net\/2017\/wp-json\/wp\/v2\/types\/page"}],"author":[{"embeddable":true,"href":"http:\/\/dhanttvn.net\/2017\/wp-json\/wp\/v2\/users\/1"}],"replies":[{"embeddable":true,"href":"http:\/\/dhanttvn.net\/2017\/wp-json\/wp\/v2\/comments?post=54"}],"version-history":[{"count":18,"href":"http:\/\/dhanttvn.net\/2017\/wp-json\/wp\/v2\/pages\/54\/revisions"}],"predecessor-version":[{"id":445,"href":"http:\/\/dhanttvn.net\/2017\/wp-json\/wp\/v2\/pages\/54\/revisions\/445"}],"up":[{"embeddable":true,"href":"http:\/\/dhanttvn.net\/2017\/wp-json\/wp\/v2\/pages\/331"}],"wp:attachment":[{"href":"http:\/\/dhanttvn.net\/2017\/wp-json\/wp\/v2\/media?parent=54"}],"curies":[{"name":"wp","href":"https:\/\/api.w.org\/{rel}","templated":true}]}}