{"id":57,"date":"2016-07-17T21:36:01","date_gmt":"2016-07-17T21:36:01","guid":{"rendered":"http:\/\/dhanttvn.net\/2016\/hinh-anh-photos\/"},"modified":"2019-09-01T13:13:12","modified_gmt":"2019-09-01T13:13:12","slug":"hinhanh","status":"publish","type":"page","link":"http:\/\/dhanttvn.net\/2017\/hinhanh\/","title":{"rendered":""},"content":{"rendered":"<p style=\"text-align: center;\"><span style=\"text-decoration: underline; font-family: book antiqua,palatino,serif; font-size: 14pt;\"><strong>PHOTOS &amp; VIDEOS<br \/>\n<\/strong><\/span><\/p>\n<p style=\"text-align: center;\">Ph\u00f3ng s\u1ef1 c\u1ee7a SBTN<\/p>\n<p style=\"text-align: center;\"><iframe loading=\"lazy\" src=\"https:\/\/www.youtube.com\/embed\/3L86ZnLg2jI\" width=\"560\" height=\"315\" frameborder=\"0\" allowfullscreen=\"allowfullscreen\" data-mce-fragment=\"1\"><\/iframe><\/p>\n<p style=\"text-align: center;\">\u00a0T\u00f3m t\u1eaft ng\u00e0y 20\/07\/2017<\/p>\n<p style=\"text-align: center;\"><iframe loading=\"lazy\" src=\"https:\/\/www.youtube.com\/embed\/npY7C1yfU7A\" width=\"560\" height=\"315\" frameborder=\"0\" allowfullscreen=\"allowfullscreen\" data-mce-fragment=\"1\"><\/iframe><\/p>\n<p style=\"text-align: center;\">T\u00f3m t\u1eaft ng\u00e0y 21\/07\/2017<\/p>\n<p style=\"text-align: center;\"><iframe loading=\"lazy\" src=\"https:\/\/www.youtube.com\/embed\/4_RNcpMaZzk\" width=\"560\" height=\"315\" frameborder=\"0\" allowfullscreen=\"allowfullscreen\" data-mce-fragment=\"1\"><\/iframe><\/p>\n<p style=\"text-align: center;\">T\u00f3m t\u1eaft ng\u00e0y 22\/07\/2017<\/p>\n<p style=\"text-align: center;\"><iframe loading=\"lazy\" src=\"https:\/\/www.youtube.com\/embed\/6ejhmTyOczk\" width=\"560\" height=\"315\" frameborder=\"0\" allowfullscreen=\"allowfullscreen\"><\/iframe><\/p>\n<p style=\"text-align: center;\">C\u00e1c video c\u1ee7a \u0110\u1ea1i H\u1ed9i<\/p>\n<p style=\"text-align: center;\">(khai m\u1ea1c, masterclass, h\u1ed9i th\u1ea3o, tr\u00ecnh t\u1ea5u\u00a0 v\u00e0 c\u00e1c ti\u1ebft m\u1ee5c concert)<\/p>\n<p style=\"text-align: center;\"><iframe loading=\"lazy\" src=\"https:\/\/www.youtube.com\/embed\/videoseries?list=PL0G_-qEX1Bu0YLVI1YYnokclm6EyhjYcS\" width=\"560\" height=\"315\" frameborder=\"0\" allowfullscreen=\"allowfullscreen\"><\/iframe><\/p>\n<p style=\"text-align: center;\">C\u00e1c h\u00ecnh \u1ea3nh c\u1ee7a \u0110\u1ea1i H\u1ed9i<\/p>\n<p style=\"text-align: center;\">(\u0111\u00f3ng g\u00f3p b\u1edfi L\u1ee5c Thanh T\u00f9ng, Mohamed Atlas, Nguy\u1ec5n Duy Anh, Nguy\u1ec5n Th\u00fay Loan, Ph\u1ea1m H\u1ea3i, Ph\u1ea1m Nh\u1ea5t L\u1eadp, V\u0169 Ho\u00e0ng Ng\u1ecdc \u00c1nh)<\/p>\n<p style=\"text-align: center;\"><a href=\"https:\/\/goo.gl\/photos\/o3BvxKr4xe5qDghK7\">https:\/\/goo.gl\/photos\/o3BvxKr4xe5qDghK7<\/a><\/p>\n<p style=\"text-align: center;\">\n","protected":false},"excerpt":{"rendered":"<p>PHOTOS &amp; VIDEOS Ph\u00f3ng s\u1ef1 c\u1ee7a SBTN \u00a0T\u00f3m t\u1eaft ng\u00e0y 20\/07\/2017 T\u00f3m t\u1eaft ng\u00e0y 21\/07\/2017 T\u00f3m t\u1eaft ng\u00e0y 22\/07\/2017 C\u00e1c video c\u1ee7a \u0110\u1ea1i H\u1ed9i (khai m\u1ea1c, masterclass, h\u1ed9i th\u1ea3o, tr\u00ecnh t\u1ea5u\u00a0 v\u00e0 c\u00e1c ti\u1ebft m\u1ee5c concert) C\u00e1c h\u00ecnh \u1ea3nh c\u1ee7a \u0110\u1ea1i H\u1ed9i (\u0111\u00f3ng g\u00f3p b\u1edfi L\u1ee5c Thanh T\u00f9ng, Mohamed Atlas, Nguy\u1ec5n Duy Anh, Nguy\u1ec5n Th\u00fay &hellip; <a href=\"http:\/\/dhanttvn.net\/2017\/hinhanh\/\" class=\"more-link\">Continue reading<span class=\"screen-reader-text\"> &#8220;&#8221;<\/span><\/a><\/p>\n","protected":false},"author":1,"featured_media":0,"parent":0,"menu_order":9,"comment_status":"closed","ping_status":"closed","template":"","meta":{"footnotes":""},"class_list":["post-57","page","type-page","status-publish","hentry"],"_links":{"self":[{"href":"http:\/\/dhanttvn.net\/2017\/wp-json\/wp\/v2\/pages\/57","targetHints":{"allow":["GET"]}}],"collection":[{"href":"http:\/\/dhanttvn.net\/2017\/wp-json\/wp\/v2\/pages"}],"about":[{"href":"http:\/\/dhanttvn.net\/2017\/wp-json\/wp\/v2\/types\/page"}],"author":[{"embeddable":true,"href":"http:\/\/dhanttvn.net\/2017\/wp-json\/wp\/v2\/users\/1"}],"replies":[{"embeddable":true,"href":"http:\/\/dhanttvn.net\/2017\/wp-json\/wp\/v2\/comments?post=57"}],"version-history":[{"count":17,"href":"http:\/\/dhanttvn.net\/2017\/wp-json\/wp\/v2\/pages\/57\/revisions"}],"predecessor-version":[{"id":470,"href":"http:\/\/dhanttvn.net\/2017\/wp-json\/wp\/v2\/pages\/57\/revisions\/470"}],"wp:attachment":[{"href":"http:\/\/dhanttvn.net\/2017\/wp-json\/wp\/v2\/media?parent=57"}],"curies":[{"name":"wp","href":"https:\/\/api.w.org\/{rel}","templated":true}]}}