{"id":60,"date":"2016-07-17T22:16:38","date_gmt":"2016-07-17T22:16:38","guid":{"rendered":"http:\/\/dhanttvn.net\/2017\/?page_id=60"},"modified":"2017-01-05T11:59:38","modified_gmt":"2017-01-05T11:59:38","slug":"thanhvien","status":"publish","type":"page","link":"http:\/\/dhanttvn.net\/2017\/thanhvien\/","title":{"rendered":""},"content":{"rendered":"<p style=\"text-align: center;\"><span style=\"text-decoration: underline; font-family: book antiqua,palatino,serif; font-size: 14pt;\"><strong>TH\u00c0NH VI\u00caN \/ PARTICIPANTS<\/strong><\/span><\/p>\n<p style=\"text-align: center;\"><a href=\"http:\/\/dhanttvn.net\/2017\/thanhvien\/bantochuc\/\"><span style=\"font-family: book antiqua,palatino,serif; font-size: 12pt;\">Ban T\u1ed5 Ch\u1ee9c \/ Organisation Committee \/ Comit\u00e9 d&#8217;Organisation<\/span><\/a><\/p>\n<p style=\"text-align: center;\"><a href=\"http:\/\/dhanttvn.net\/2017\/thanhvien\/giaosu\"><span style=\"font-family: book antiqua,palatino,serif; font-size: 12pt;\">Gi\u00e1o S\u01b0 \/ Professors \/ Professeurs<\/span><\/a><\/p>\n<p style=\"text-align: center;\"><a href=\"http:\/\/dhanttvn.net\/2017\/thanhvien\/doanvannghe\"><span style=\"font-family: book antiqua,palatino,serif; font-size: 12pt;\">\u0110o\u00e0n V\u0103n Ngh\u1ec7 \/ Music Groups \/ Groupes de Musique<\/span><\/a><em><span style=\"font-family: book antiqua,palatino,serif; font-size: 12pt;\"><br \/>\n<\/span><\/em><\/p>\n","protected":false},"excerpt":{"rendered":"<p>TH\u00c0NH VI\u00caN \/ PARTICIPANTS Ban T\u1ed5 Ch\u1ee9c \/ Organisation Committee \/ Comit\u00e9 d&#8217;Organisation Gi\u00e1o S\u01b0 \/ Professors \/ Professeurs \u0110o\u00e0n V\u0103n Ngh\u1ec7 \/ Music Groups \/ Groupes de Musique<\/p>\n","protected":false},"author":1,"featured_media":0,"parent":0,"menu_order":7,"comment_status":"closed","ping_status":"closed","template":"","meta":{"footnotes":""},"class_list":["post-60","page","type-page","status-publish","hentry"],"_links":{"self":[{"href":"http:\/\/dhanttvn.net\/2017\/wp-json\/wp\/v2\/pages\/60","targetHints":{"allow":["GET"]}}],"collection":[{"href":"http:\/\/dhanttvn.net\/2017\/wp-json\/wp\/v2\/pages"}],"about":[{"href":"http:\/\/dhanttvn.net\/2017\/wp-json\/wp\/v2\/types\/page"}],"author":[{"embeddable":true,"href":"http:\/\/dhanttvn.net\/2017\/wp-json\/wp\/v2\/users\/1"}],"replies":[{"embeddable":true,"href":"http:\/\/dhanttvn.net\/2017\/wp-json\/wp\/v2\/comments?post=60"}],"version-history":[{"count":17,"href":"http:\/\/dhanttvn.net\/2017\/wp-json\/wp\/v2\/pages\/60\/revisions"}],"predecessor-version":[{"id":329,"href":"http:\/\/dhanttvn.net\/2017\/wp-json\/wp\/v2\/pages\/60\/revisions\/329"}],"wp:attachment":[{"href":"http:\/\/dhanttvn.net\/2017\/wp-json\/wp\/v2\/media?parent=60"}],"curies":[{"name":"wp","href":"https:\/\/api.w.org\/{rel}","templated":true}]}}